{"id":251,"date":"2024-08-02T16:53:22","date_gmt":"2024-08-02T16:53:22","guid":{"rendered":"https:\/\/minieradoro.ch\/?page_id=251"},"modified":"2025-01-10T13:46:14","modified_gmt":"2025-01-10T13:46:14","slug":"chi-siamo","status":"publish","type":"page","link":"https:\/\/minieradoro.ch\/de\/chi-siamo\/","title":{"rendered":"Chi siamo"},"content":{"rendered":"\t\t<div data-elementor-type=\"wp-page\" data-elementor-id=\"251\" class=\"elementor elementor-251\">\n\t\t\t\t<div class=\"elementor-element elementor-element-749a4796 e-con-full e-flex wpr-particle-no wpr-jarallax-no wpr-parallax-no wpr-sticky-section-no wpr-equal-height-no e-con e-parent\" data-id=\"749a4796\" data-element_type=\"container\" data-e-type=\"container\" data-settings=\"{&quot;background_background&quot;:&quot;classic&quot;}\">\n\t\t<div class=\"elementor-element elementor-element-21020328 e-flex e-con-boxed wpr-particle-no wpr-jarallax-no wpr-parallax-no wpr-sticky-section-no wpr-equal-height-no e-con e-child\" data-id=\"21020328\" data-element_type=\"container\" data-e-type=\"container\">\n\t\t\t\t\t<div class=\"e-con-inner\">\n\t\t\t\t<div class=\"elementor-element elementor-element-3cfb610b elementor-widget elementor-widget-heading\" data-id=\"3cfb610b\" data-element_type=\"widget\" data-e-type=\"widget\" data-widget_type=\"heading.default\">\n\t\t\t\t<div class=\"elementor-widget-container\">\n\t\t\t\t\t<h1 class=\"elementor-heading-title elementor-size-default\">\u00dcber uns<\/h1>\t\t\t\t<\/div>\n\t\t\t\t<\/div>\n\t\t\t\t\t<\/div>\n\t\t\t\t<\/div>\n\t\t\t\t<\/div>\n\t\t<div class=\"elementor-element elementor-element-2cdd9477 e-con-full e-flex wpr-particle-no wpr-jarallax-no wpr-parallax-no wpr-sticky-section-no wpr-equal-height-no e-con e-parent\" data-id=\"2cdd9477\" data-element_type=\"container\" data-e-type=\"container\" data-settings=\"{&quot;background_background&quot;:&quot;classic&quot;}\">\n\t\t<div class=\"elementor-element elementor-element-590ab2e1 e-con-full e-flex wpr-particle-no wpr-jarallax-no wpr-parallax-no wpr-sticky-section-no wpr-equal-height-no e-con e-child\" data-id=\"590ab2e1\" data-element_type=\"container\" data-e-type=\"container\">\n\t\t\t\t<div class=\"elementor-element elementor-element-41316fa2 elementor-widget-tablet__width-initial elementor-widget elementor-widget-text-editor\" data-id=\"41316fa2\" data-element_type=\"widget\" data-e-type=\"widget\" data-widget_type=\"text-editor.default\">\n\t\t\t\t<div class=\"elementor-widget-container\">\n\t\t\t\t\t\t\t\t\t<h2>Goldmine La Costa<\/h2><p>Dank des Vereins <strong>Acqua Fregia<\/strong>, konnte 2016 mit den Arbeiten zur Wiederherstellung der Goldmine La Costa begonnen werden.<\/p><p>Die Aktivit\u00e4ten des Vereins wurden von den Gemeinden Sessa und Monteggio unterst\u00fctzt; es gab auch eine Zusammenarbeit mit der Fondazione Malcantone und anderen in der Gemeinde t\u00e4tigen Vereinen (Piccolo Museo di Sessa). Zahlreiche Freiwillige arbeiteten hart, um zun\u00e4chst den ersten eingest\u00fcrzten Abschnitt zu sichern, den Zustand des Felsens und den versperrten Zugang zu den unteren Sch\u00e4chten zu sichern und nicht zuletzt die Verbindung zur Stromleitung herzustellen.<\/p><p>Am 5. Mai 2017 wurde der Verein <strong>Minera d&#8217;oro di Sessa<\/strong> gegr\u00fcndet, da die Besonderheit und Komplexit\u00e4t der Herausforderung die Gr\u00fcndung einer neuen offiziellen Einrichtung erforderte, die das Projekt auf professionelle Weise vorantreiben kann, um die f\u00fcr die Er\u00f6ffnung und die Koordinierung der Verwaltung erforderlichen Aktivit\u00e4ten durchzuf\u00fchren.<\/p><p>Seit dem 29. April 2018, dem Tag der Er\u00f6ffnung, ist das Bergwerk f\u00fcr die \u00d6ffentlichkeit zug\u00e4nglich, und eine gro\u00dfe Gruppe lokaler ehrenamtlicher F\u00fchrer, die von der Vereinigung speziell geschult wurden, ist f\u00fcr die Verwaltung der Besichtigungen zust\u00e4ndig.<\/p><p>Im Laufe dieser Jahre hat sich der Vorstand des Vereins daf\u00fcr eingesetzt, die Besichtigung der verschiedenen Stollen immer attraktiver zu machen, und hat mit enormen Anstrengungen und dank der Arbeit mehrerer Freiwilliger die \u00d6ffnung von zwei weiteren Stollen (Cunicolo Trudi und Cunicolo della Rala) erm\u00f6glicht.<\/p>\t\t\t\t\t\t\t\t<\/div>\n\t\t\t\t<\/div>\n\t\t\t\t<\/div>\n\t\t<div class=\"elementor-element elementor-element-13fef07f e-con-full e-flex wpr-particle-no wpr-jarallax-no wpr-parallax-no wpr-sticky-section-no wpr-equal-height-no e-con e-child\" data-id=\"13fef07f\" data-element_type=\"container\" data-e-type=\"container\" data-settings=\"{&quot;background_background&quot;:&quot;classic&quot;}\">\n\t\t\t\t<div class=\"elementor-element elementor-element-64b9811 elementor-widget elementor-widget-image\" data-id=\"64b9811\" data-element_type=\"widget\" data-e-type=\"widget\" data-widget_type=\"image.default\">\n\t\t\t\t<div class=\"elementor-widget-container\">\n\t\t\t\t\t\t\t\t\t\t\t\t\t\t\t<img fetchpriority=\"high\" decoding=\"async\" width=\"800\" height=\"1008\" src=\"https:\/\/minieradoro.ch\/wp-content\/uploads\/2024\/08\/chi-siamo-813x1024.jpg\" class=\"attachment-large size-large wp-image-204\" alt=\"\" srcset=\"https:\/\/minieradoro.ch\/wp-content\/uploads\/2024\/08\/chi-siamo-813x1024.jpg 813w, https:\/\/minieradoro.ch\/wp-content\/uploads\/2024\/08\/chi-siamo-238x300.jpg 238w, https:\/\/minieradoro.ch\/wp-content\/uploads\/2024\/08\/chi-siamo-768x967.jpg 768w, https:\/\/minieradoro.ch\/wp-content\/uploads\/2024\/08\/chi-siamo.jpg 1200w\" sizes=\"(max-width: 800px) 100vw, 800px\" \/>\t\t\t\t\t\t\t\t\t\t\t\t\t\t\t<\/div>\n\t\t\t\t<\/div>\n\t\t\t\t<\/div>\n\t\t\t\t<\/div>\n\t\t<div class=\"elementor-element elementor-element-59bff017 e-con-full e-flex wpr-particle-no wpr-jarallax-no wpr-parallax-no wpr-sticky-section-no wpr-equal-height-no e-con e-parent\" data-id=\"59bff017\" data-element_type=\"container\" data-e-type=\"container\" data-settings=\"{&quot;background_background&quot;:&quot;classic&quot;}\">\n\t\t<div class=\"elementor-element elementor-element-4468a1e4 e-con-full e-flex wpr-particle-no wpr-jarallax-no wpr-parallax-no wpr-sticky-section-no wpr-equal-height-no e-con e-child\" data-id=\"4468a1e4\" data-element_type=\"container\" data-e-type=\"container\">\n\t\t\t\t<div class=\"elementor-element elementor-element-3edbd7aa elementor-widget-tablet__width-initial elementor-widget elementor-widget-text-editor\" data-id=\"3edbd7aa\" data-element_type=\"widget\" data-e-type=\"widget\" data-widget_type=\"text-editor.default\">\n\t\t\t\t<div class=\"elementor-widget-container\">\n\t\t\t\t\t\t\t\t\t<div id=\"\\&quot;bgLayers_comp-lbuumtrp1\\&quot;\" class=\"\\&quot;MW5IWV\\&quot;\" data-hook=\"\\&quot;bgLayers\\&quot;\" data-motion-part=\"\\&quot;BG_LAYER\\&quot;\"><h2 id=\"\\&quot;bgMedia_comp-lbuumtrp1\\&quot;\" class=\"\\&quot;VgO9Yg\\&quot;\" data-motion-part=\"\\&quot;BG_MEDIA\\&quot;\">Assoziationsausschuss <br \/>Goldmine Sessa<\/h2><\/div><div id=\"\\&quot;comp-je35w67x\\&quot;\" class=\"\\&quot;HcOXKn\" data-testid=\"\\&quot;richTextElement\\&quot;\"><p class=\"\\&quot;font_8\"><span class=\"\\&quot;wixui-rich-text__text\\&quot;\"><span class=\"\\&quot;color_11\"><strong>Vorsitzender: <\/strong><br \/>Enzo Cabra<\/span><br class=\"\\&quot;wixui-rich-text__text\\&quot;\" \/><\/span><\/p><p class=\"\\&quot;font_8\"><span class=\"\\&quot;wixui-rich-text__text\\&quot;\"><span class=\"\\&quot;color_11\"><strong>Vizepr\u00e4sident: <\/strong><br \/>Giuliano Zanetti<br class=\"\\&quot;wixui-rich-text__text\\&quot;\" \/><\/span><\/span><\/p><p class=\"\\&quot;font_8\"><span class=\"\\&quot;wixui-rich-text__text\\&quot;\"><span class=\"\\&quot;color_11\"><strong>Sekret\u00e4r: <\/strong><br \/><\/span><span class=\"wixui-rich-text__text\"><span class=\"color_11 wixui-rich-text__text\">Mattia Marchesi<\/span><\/span><br class=\"\\&quot;wixui-rich-text__text\\&quot;\" \/><\/span><\/p><p class=\"\\&quot;font_8\"><span class=\"\\&quot;wixui-rich-text__text\\&quot;\"><span class=\"\\&quot;color_11\"><strong>Kassierer: <\/strong><br \/>Monica Talleri<\/span><\/span><\/p><p class=\"\\&quot;font_8\"><strong><span class=\"\\&quot;wixui-rich-text__text\\&quot;\"><span class=\"\\&quot;color_11\">Mitglieder:<br \/><\/span><\/span><\/strong>Maurizio Bellini<br \/>Martino Molinari<br \/>Licia Poretti<br \/>Mauro Poretti<br \/>Daniel Ryser<\/p><\/div>\t\t\t\t\t\t\t\t<\/div>\n\t\t\t\t<\/div>\n\t\t\t\t<\/div>\n\t\t<div class=\"elementor-element elementor-element-4c01854f e-con-full e-flex wpr-particle-no wpr-jarallax-no wpr-parallax-no wpr-sticky-section-no wpr-equal-height-no e-con e-child\" data-id=\"4c01854f\" data-element_type=\"container\" data-e-type=\"container\" data-settings=\"{&quot;background_background&quot;:&quot;classic&quot;}\">\n\t\t\t\t<div class=\"elementor-element elementor-element-1e84c247 elementor-widget elementor-widget-image\" data-id=\"1e84c247\" data-element_type=\"widget\" data-e-type=\"widget\" data-widget_type=\"image.default\">\n\t\t\t\t<div class=\"elementor-widget-container\">\n\t\t\t\t\t\t\t\t\t\t\t\t\t\t\t<img decoding=\"async\" width=\"800\" height=\"386\" src=\"https:\/\/minieradoro.ch\/wp-content\/uploads\/2024\/08\/comitato2.webp\" class=\"attachment-large size-large wp-image-271\" alt=\"\" srcset=\"https:\/\/minieradoro.ch\/wp-content\/uploads\/2024\/08\/comitato2.webp 954w, https:\/\/minieradoro.ch\/wp-content\/uploads\/2024\/08\/comitato2-300x145.webp 300w, https:\/\/minieradoro.ch\/wp-content\/uploads\/2024\/08\/comitato2-768x370.webp 768w\" sizes=\"(max-width: 800px) 100vw, 800px\" \/>\t\t\t\t\t\t\t\t\t\t\t\t\t\t\t<\/div>\n\t\t\t\t<\/div>\n\t\t\t\t<div class=\"elementor-element elementor-element-59c6904c elementor-widget elementor-widget-image\" data-id=\"59c6904c\" data-element_type=\"widget\" data-e-type=\"widget\" data-widget_type=\"image.default\">\n\t\t\t\t<div class=\"elementor-widget-container\">\n\t\t\t\t\t\t\t\t\t\t\t\t\t\t\t<img decoding=\"async\" width=\"780\" height=\"460\" src=\"https:\/\/minieradoro.ch\/wp-content\/uploads\/2024\/08\/comitato1.webp\" class=\"attachment-large size-large wp-image-272\" alt=\"\" srcset=\"https:\/\/minieradoro.ch\/wp-content\/uploads\/2024\/08\/comitato1.webp 780w, https:\/\/minieradoro.ch\/wp-content\/uploads\/2024\/08\/comitato1-300x177.webp 300w, https:\/\/minieradoro.ch\/wp-content\/uploads\/2024\/08\/comitato1-768x453.webp 768w\" sizes=\"(max-width: 780px) 100vw, 780px\" \/>\t\t\t\t\t\t\t\t\t\t\t\t\t\t\t<\/div>\n\t\t\t\t<\/div>\n\t\t\t\t<\/div>\n\t\t\t\t<\/div>\n\t\t\t\t<\/div>\n\t\t","protected":false},"excerpt":{"rendered":"<p>Chi siamo Miniera d&#8217;oro La Costa Nel 2016 l\u2019Associazione Acqua Fregia ha dato avvio ai \u00a0lavori per il recupero della Miniera d&#8217;oro di La Costa con il sostegno dei Comuni di Sessa e Monteggio, la collaborazione della \u00a0Fondazione Malcantone e di altre associazioni attive nel Comune (Piccolo Museo di Sessa). Un grande numero di volontari si \u00e8 prodigato per mettere in sicurezza dapprima il tratto iniziale crollato e l\u2019ostruzione dell\u2019accesso ai pozzi inferiori, per non dimenticare l\u2019allacciamento alla linea elettrica. \u200bIl 5 maggio 2017 \u00e8 nata l&#8217;Associazione Minera d&#8217;oro di Sessa poich\u00e9 la specificit\u00e0 e la complessit\u00e0 della sfida richiedevano la costituzione di una nuova entit\u00e0 ufficiale, che potesse far progredire il progetto in modo professionale, cos\u00ec da completare le attivit\u00e0 necessarie all\u2019apertura e al coordinamento della gestione.\u00a0La miniera \u00e8 aperta al pubblico dal 29 aprile 2018 e un \u00a0gruppo consistente di guide locali volontarie, formato ad hoc dall\u2019associazione, si occupa della gestione delle visite. Nel corso di questi anni il comitato dell\u2019associazione si \u00e8 attivato per rendere sempre pi\u00f9 attrattiva la visita dei vari cunicoli e, con enormi sforzi, grazie al lavori di parecchi volontari, ha permesso l\u2019apertura di altri due cunicoli. Comitato dell&#8217;Associazione Miniera d&#8217;Oro Sessa Presidente: Enzo Cabra Vice Presidente: Giuliano Zanetti Segretario: Mattia Marchesi Cassiera: Monica Talleri Membri:Maurizio BelliniMartino MolinariLicia PorettiMauro PorettiDaniele Ryser Visualizza statuti dell&#8216; associazione<\/p>\n","protected":false},"author":5,"featured_media":0,"parent":0,"menu_order":0,"comment_status":"closed","ping_status":"closed","template":"","meta":{"footnotes":""},"class_list":["post-251","page","type-page","status-publish","hentry"],"_links":{"self":[{"href":"https:\/\/minieradoro.ch\/de\/wp-json\/wp\/v2\/pages\/251","targetHints":{"allow":["GET"]}}],"collection":[{"href":"https:\/\/minieradoro.ch\/de\/wp-json\/wp\/v2\/pages"}],"about":[{"href":"https:\/\/minieradoro.ch\/de\/wp-json\/wp\/v2\/types\/page"}],"author":[{"embeddable":true,"href":"https:\/\/minieradoro.ch\/de\/wp-json\/wp\/v2\/users\/5"}],"replies":[{"embeddable":true,"href":"https:\/\/minieradoro.ch\/de\/wp-json\/wp\/v2\/comments?post=251"}],"version-history":[{"count":9,"href":"https:\/\/minieradoro.ch\/de\/wp-json\/wp\/v2\/pages\/251\/revisions"}],"predecessor-version":[{"id":5171,"href":"https:\/\/minieradoro.ch\/de\/wp-json\/wp\/v2\/pages\/251\/revisions\/5171"}],"wp:attachment":[{"href":"https:\/\/minieradoro.ch\/de\/wp-json\/wp\/v2\/media?parent=251"}],"curies":[{"name":"wp","href":"https:\/\/api.w.org\/{rel}","templated":true}]}}