{"id":286,"date":"2024-08-02T16:57:01","date_gmt":"2024-08-02T16:57:01","guid":{"rendered":"https:\/\/minieradoro.ch\/?page_id=286"},"modified":"2025-02-08T09:47:09","modified_gmt":"2025-02-08T09:47:09","slug":"storia","status":"publish","type":"page","link":"https:\/\/minieradoro.ch\/de\/storia\/","title":{"rendered":"Storia"},"content":{"rendered":"\t\t<div data-elementor-type=\"wp-page\" data-elementor-id=\"286\" class=\"elementor elementor-286\">\n\t\t\t\t<div class=\"elementor-element elementor-element-b41b90 e-con-full e-flex wpr-particle-no wpr-jarallax-no wpr-parallax-no wpr-sticky-section-no wpr-column-slider-no wpr-equal-height-no e-con e-parent\" data-id=\"b41b90\" data-element_type=\"container\" data-e-type=\"container\" data-settings=\"{&quot;background_background&quot;:&quot;classic&quot;}\">\n\t\t<div class=\"elementor-element elementor-element-2e5493d2 e-flex e-con-boxed wpr-particle-no wpr-jarallax-no wpr-parallax-no wpr-sticky-section-no wpr-column-slider-no wpr-equal-height-no e-con e-child\" data-id=\"2e5493d2\" data-element_type=\"container\" data-e-type=\"container\">\n\t\t\t\t\t<div class=\"e-con-inner\">\n\t\t\t\t<div class=\"elementor-element elementor-element-5cde4211 elementor-widget elementor-widget-heading\" data-id=\"5cde4211\" data-element_type=\"widget\" data-e-type=\"widget\" data-widget_type=\"heading.default\">\n\t\t\t\t<div class=\"elementor-widget-container\">\n\t\t\t\t\t<h1 class=\"elementor-heading-title elementor-size-default\">Geschichte der Mine<\/h1>\t\t\t\t<\/div>\n\t\t\t\t<\/div>\n\t\t\t\t\t<\/div>\n\t\t\t\t<\/div>\n\t\t\t\t<\/div>\n\t\t<div class=\"elementor-element elementor-element-70db5c3 e-flex e-con-boxed wpr-particle-no wpr-jarallax-no wpr-parallax-no wpr-sticky-section-no wpr-column-slider-no wpr-equal-height-no e-con e-parent\" data-id=\"70db5c3\" data-element_type=\"container\" data-e-type=\"container\">\n\t\t\t\t\t<div class=\"e-con-inner\">\n\t\t\t\t<div class=\"elementor-element elementor-element-4d42ee2d elementor-widget elementor-widget-text-editor\" data-id=\"4d42ee2d\" data-element_type=\"widget\" data-e-type=\"widget\" data-widget_type=\"text-editor.default\">\n\t\t\t\t<div class=\"elementor-widget-container\">\n\t\t\t\t\t\t\t\t\t<p>Der Region des Monte Scer\u00e9 ist reich an Mineralien. Man nimmt an, dass dort in den vergangenen Jahrhunderten verschiedene Metalle gegraben wurden, insbesondere Eisen, Blei, Silber und Gold. Die ersten dokumentierten Goldabbauversuche gehen auf das Jahr 1785 zur\u00fcck. An den D\u00e4mmen des Flusses\u00a0 Lisora existieren\u00a0 geordnete Haufen von gewaschenen Pflastersteinen, welche auf Reste von Terrassen hinweisen, die schon in der R\u00f6merzeit der Goldgewinnung dienten (Aurifodine).<\/p><p>Dank dem Reichtum des Untergrunds wurde das Malcantone im Landesinventar als &#8222;eines der gr\u00f6ssten Bergbaureviere der Schweiz&#8220; aufgef\u00fchrt.<\/p><p>Es gab zwei wichtige Phasen der Ausbeutung und des Abbaus von Mineralien:<\/p><p>&#8211; Im 19. Jahrhundert wurden unter der Leitung des Ingenieurs Vinasco Baglioni in m\u00fchsamer Handarbeit die ersten Stollen im Gebiet des Monte Scer\u00e9 gegraben und die erste Aufbereitungsanlage in der Gegend von Molinazzo di Monteggio errichtet, die noch heute als H\u00fctte bekannt ist.<\/p><p>&#8211; Im 20. Jahrhundert wurde mit dem Unternehmen &#8222;Mines de Costano SA&#8220; (1933) die industrielle Verarbeitung durch den Ausbau der verschiedenen bestehenden Stollen und den Bau der Mineralienaufbereitungsanlage in der Ortschaft Lolina eingeleitet.<\/p><p>W\u00e4hrend des Zweiten Weltkriegs wurden die Arbeiten unterbrochen, da das gewonnene Mineralkonzentrat nicht mehr zur Endverarbeitung nach Belgien geliefert werden konnte. Trotz der Wiederaufnahme des Abbaus nach Kriegsende waren die Arbeiten von begrenzter Dauer und wurden 1952 eingestellt.<\/p><p>Bis\u00a0 2015 war diese Bergbaust\u00e4ette total verlassen und \u00a0in Vergessenheit geraten. Versteckt von riesingem Gestr\u00fcpp war der Eingang unzug\u00e4nglich geworden, obwohl Bergleute in einem unterirdischen Labyrinth von \u00fcber\u00a0 zwei Kilometer mit Stollen auf f\u00fcnf Stockverken\u00a0 gebohrt\u00a0 hatten.<\/p>\t\t\t\t\t\t\t\t<\/div>\n\t\t\t\t<\/div>\n\t\t\t\t\t<\/div>\n\t\t\t\t<\/div>\n\t\t<div class=\"elementor-element elementor-element-5de88677 e-flex e-con-boxed wpr-particle-no wpr-jarallax-no wpr-parallax-no wpr-sticky-section-no wpr-column-slider-no wpr-equal-height-no e-con e-parent\" data-id=\"5de88677\" data-element_type=\"container\" data-e-type=\"container\" data-settings=\"{&quot;background_background&quot;:&quot;classic&quot;}\">\n\t\t\t\t\t<div class=\"e-con-inner\">\n\t\t\t\t<div class=\"elementor-element elementor-element-141cb5fa elementor-widget elementor-widget-heading\" data-id=\"141cb5fa\" data-element_type=\"widget\" data-e-type=\"widget\" data-widget_type=\"heading.default\">\n\t\t\t\t<div class=\"elementor-widget-container\">\n\t\t\t\t\t<h2 class=\"elementor-heading-title elementor-size-default\">Historische Bilder<\/h2>\t\t\t\t<\/div>\n\t\t\t\t<\/div>\n\t\t\t\t\t<\/div>\n\t\t\t\t<\/div>\n\t\t<div class=\"elementor-element elementor-element-a45ec9a e-con-full e-flex wpr-particle-no wpr-jarallax-no wpr-parallax-no wpr-sticky-section-no wpr-column-slider-no wpr-equal-height-no e-con e-parent\" data-id=\"a45ec9a\" data-element_type=\"container\" data-e-type=\"container\" data-settings=\"{&quot;background_background&quot;:&quot;classic&quot;}\">\n\t\t<div class=\"elementor-element elementor-element-4353c004 e-con-full e-flex wpr-particle-no wpr-jarallax-no wpr-parallax-no wpr-sticky-section-no wpr-column-slider-no wpr-equal-height-no e-con e-child\" data-id=\"4353c004\" data-element_type=\"container\" data-e-type=\"container\">\n\t\t\t\t<div class=\"elementor-element elementor-element-7887ecda elementor-widget elementor-widget-image\" data-id=\"7887ecda\" data-element_type=\"widget\" data-e-type=\"widget\" data-widget_type=\"image.default\">\n\t\t\t\t<div class=\"elementor-widget-container\">\n\t\t\t\t\t\t\t\t\t\t\t\t\t\t\t<img fetchpriority=\"high\" decoding=\"async\" width=\"800\" height=\"600\" src=\"https:\/\/minieradoro.ch\/wp-content\/uploads\/2024\/08\/Riveruzzi-1024x768.jpg\" class=\"attachment-large size-large wp-image-301\" alt=\"\" srcset=\"https:\/\/minieradoro.ch\/wp-content\/uploads\/2024\/08\/Riveruzzi-1024x768.jpg 1024w, https:\/\/minieradoro.ch\/wp-content\/uploads\/2024\/08\/Riveruzzi-300x225.jpg 300w, https:\/\/minieradoro.ch\/wp-content\/uploads\/2024\/08\/Riveruzzi-768x576.jpg 768w, https:\/\/minieradoro.ch\/wp-content\/uploads\/2024\/08\/Riveruzzi.jpg 1200w\" sizes=\"(max-width: 800px) 100vw, 800px\" \/>\t\t\t\t\t\t\t\t\t\t\t\t\t\t\t<\/div>\n\t\t\t\t<\/div>\n\t\t\t\t<div class=\"elementor-element elementor-element-3552f15c elementor-widget elementor-widget-image\" data-id=\"3552f15c\" data-element_type=\"widget\" data-e-type=\"widget\" data-widget_type=\"image.default\">\n\t\t\t\t<div class=\"elementor-widget-container\">\n\t\t\t\t\t\t\t\t\t\t\t\t\t\t\t<img decoding=\"async\" width=\"800\" height=\"600\" src=\"https:\/\/minieradoro.ch\/wp-content\/uploads\/2024\/08\/miniera-1024x768.jpg\" class=\"attachment-large size-large wp-image-302\" alt=\"\" srcset=\"https:\/\/minieradoro.ch\/wp-content\/uploads\/2024\/08\/miniera-1024x768.jpg 1024w, https:\/\/minieradoro.ch\/wp-content\/uploads\/2024\/08\/miniera-300x225.jpg 300w, https:\/\/minieradoro.ch\/wp-content\/uploads\/2024\/08\/miniera-768x576.jpg 768w, https:\/\/minieradoro.ch\/wp-content\/uploads\/2024\/08\/miniera.jpg 1200w\" sizes=\"(max-width: 800px) 100vw, 800px\" \/>\t\t\t\t\t\t\t\t\t\t\t\t\t\t\t<\/div>\n\t\t\t\t<\/div>\n\t\t\t\t<div class=\"elementor-element elementor-element-76c7fdee elementor-widget elementor-widget-image\" data-id=\"76c7fdee\" data-element_type=\"widget\" data-e-type=\"widget\" data-widget_type=\"image.default\">\n\t\t\t\t<div class=\"elementor-widget-container\">\n\t\t\t\t\t\t\t\t\t\t\t\t\t\t\t<img decoding=\"async\" width=\"800\" height=\"600\" src=\"https:\/\/minieradoro.ch\/wp-content\/uploads\/2024\/08\/entrata-alle-Bolle-1024x768.jpg\" class=\"attachment-large size-large wp-image-303\" alt=\"\" srcset=\"https:\/\/minieradoro.ch\/wp-content\/uploads\/2024\/08\/entrata-alle-Bolle-1024x768.jpg 1024w, https:\/\/minieradoro.ch\/wp-content\/uploads\/2024\/08\/entrata-alle-Bolle-300x225.jpg 300w, https:\/\/minieradoro.ch\/wp-content\/uploads\/2024\/08\/entrata-alle-Bolle-768x576.jpg 768w, https:\/\/minieradoro.ch\/wp-content\/uploads\/2024\/08\/entrata-alle-Bolle.jpg 1200w\" sizes=\"(max-width: 800px) 100vw, 800px\" \/>\t\t\t\t\t\t\t\t\t\t\t\t\t\t\t<\/div>\n\t\t\t\t<\/div>\n\t\t\t\t<\/div>\n\t\t<div class=\"elementor-element elementor-element-7b6b3c4a e-con-full e-flex wpr-particle-no wpr-jarallax-no wpr-parallax-no wpr-sticky-section-no wpr-column-slider-no wpr-equal-height-no e-con e-child\" data-id=\"7b6b3c4a\" data-element_type=\"container\" data-e-type=\"container\" data-settings=\"{&quot;background_background&quot;:&quot;classic&quot;}\">\n\t\t\t\t<div class=\"elementor-element elementor-element-20d52cc2 elementor-widget elementor-widget-image\" data-id=\"20d52cc2\" data-element_type=\"widget\" data-e-type=\"widget\" data-widget_type=\"image.default\">\n\t\t\t\t<div class=\"elementor-widget-container\">\n\t\t\t\t\t\t\t\t\t\t\t\t\t\t\t<img loading=\"lazy\" decoding=\"async\" width=\"800\" height=\"600\" src=\"https:\/\/minieradoro.ch\/wp-content\/uploads\/2024\/08\/panoramica-moniera-1024x768.jpg\" class=\"attachment-large size-large wp-image-307\" alt=\"\" srcset=\"https:\/\/minieradoro.ch\/wp-content\/uploads\/2024\/08\/panoramica-moniera-1024x768.jpg 1024w, https:\/\/minieradoro.ch\/wp-content\/uploads\/2024\/08\/panoramica-moniera-300x225.jpg 300w, https:\/\/minieradoro.ch\/wp-content\/uploads\/2024\/08\/panoramica-moniera-768x576.jpg 768w, https:\/\/minieradoro.ch\/wp-content\/uploads\/2024\/08\/panoramica-moniera.jpg 1200w\" sizes=\"(max-width: 800px) 100vw, 800px\" \/>\t\t\t\t\t\t\t\t\t\t\t\t\t\t\t<\/div>\n\t\t\t\t<\/div>\n\t\t\t\t<div class=\"elementor-element elementor-element-4fc851f6 elementor-widget elementor-widget-image\" data-id=\"4fc851f6\" data-element_type=\"widget\" data-e-type=\"widget\" data-widget_type=\"image.default\">\n\t\t\t\t<div class=\"elementor-widget-container\">\n\t\t\t\t\t\t\t\t\t\t\t\t\t\t\t<img loading=\"lazy\" decoding=\"async\" width=\"800\" height=\"600\" src=\"https:\/\/minieradoro.ch\/wp-content\/uploads\/2024\/08\/minatori-1024x768.jpg\" class=\"attachment-large size-large wp-image-308\" alt=\"\" srcset=\"https:\/\/minieradoro.ch\/wp-content\/uploads\/2024\/08\/minatori-1024x768.jpg 1024w, https:\/\/minieradoro.ch\/wp-content\/uploads\/2024\/08\/minatori-300x225.jpg 300w, https:\/\/minieradoro.ch\/wp-content\/uploads\/2024\/08\/minatori-768x576.jpg 768w, https:\/\/minieradoro.ch\/wp-content\/uploads\/2024\/08\/minatori.jpg 1200w\" sizes=\"(max-width: 800px) 100vw, 800px\" \/>\t\t\t\t\t\t\t\t\t\t\t\t\t\t\t<\/div>\n\t\t\t\t<\/div>\n\t\t\t\t<div class=\"elementor-element elementor-element-3a010682 elementor-widget elementor-widget-image\" data-id=\"3a010682\" data-element_type=\"widget\" data-e-type=\"widget\" data-widget_type=\"image.default\">\n\t\t\t\t<div class=\"elementor-widget-container\">\n\t\t\t\t\t\t\t\t\t\t\t\t\t\t\t<img loading=\"lazy\" decoding=\"async\" width=\"800\" height=\"600\" src=\"https:\/\/minieradoro.ch\/wp-content\/uploads\/2024\/08\/compressore-e-minatori-enlarge-1024x768.jpg\" class=\"attachment-large size-large wp-image-309\" alt=\"\" srcset=\"https:\/\/minieradoro.ch\/wp-content\/uploads\/2024\/08\/compressore-e-minatori-enlarge-1024x768.jpg 1024w, https:\/\/minieradoro.ch\/wp-content\/uploads\/2024\/08\/compressore-e-minatori-enlarge-300x225.jpg 300w, https:\/\/minieradoro.ch\/wp-content\/uploads\/2024\/08\/compressore-e-minatori-enlarge-768x576.jpg 768w, https:\/\/minieradoro.ch\/wp-content\/uploads\/2024\/08\/compressore-e-minatori-enlarge.jpg 1200w\" sizes=\"(max-width: 800px) 100vw, 800px\" \/>\t\t\t\t\t\t\t\t\t\t\t\t\t\t\t<\/div>\n\t\t\t\t<\/div>\n\t\t\t\t<\/div>\n\t\t\t\t<\/div>\n\t\t\t\t<\/div>\n\t\t","protected":false},"excerpt":{"rendered":"<p>Storia della Miniera La zona del monte Scer\u00e9, come tutto il Malcantone, ha un sottosuolo ricco di minerali. Si suppone che gi\u00e0 nei secoli passati si estraessero vari metalli, in particolare oro, argento, ferro e piombo. I primi tentativi documentati di estrazione di oro risalgono al 1785, ma, agli argini del fiume Lisora, ci sono cumuli ordinati di ciottoli lavati che rappresentano i resti della coltivazione di terrazzi auriferi risalenti all\u2019epoca romana (aurifodine). Grazie alla ricchezza del suo sottosuolo, il Malcantone \u00e8 stato inserito nell\u2019inventario nazionale come il \u201cDistretto Minerario fra i pi\u00f9 grandi della Svizzera\u201d. Ci sono state due importanti fasi di sfruttamento e coltivazione dei minerali: nell&#8217;800, sotto la direzione dell&#8217;ingegner Vinasco Baglioni, principalmente con tecniche manuali molto faticose, furono scavati i primi cunicoli nella zona del monte Scer\u00e9 e fu insediato il primo impianto di lavorazione nella zona di Molinazzo di Monteggio che ancora oggi viene chiamata Fonderia. \u00a0nel &#8218;900, con la societ\u00e0 &#8222;Mines de Costano SA&#8220; (1933) si diede avvio a una lavorazione industriale ampliando i vari cunicoli gi\u00e0 esistenti e costruendo gli impianti per il trattamento dei minerali nella localit\u00e0 Lolina. Durante la seconda guerra mondiale i lavori furono sospesi perch\u00e9 il concentrato minerale che si otteneva non poteva pi\u00f9 venir inviato in Belgio per il trattamento finale. Nonostante la ripresa delle coltivazioni alla fine della guerra, i lavori ebbero una durata limitata e nel 1952 le attivit\u00e0 furono sospese. \u200b Fino al 2015 la miniera della Costa di Sessa era abbandonata all\u2019incuria e all\u2019oblio. Nascosta nella boscaglia, l\u2019entrata era diventata inaccessibile, sebbene in un labirinto sotterraneo i minatori avessero scavato, nel corso di un secolo, di pi\u00f9 di due chilometri di gallerie disposte su cinque livelli. Immagini storiche<\/p>\n","protected":false},"author":5,"featured_media":0,"parent":0,"menu_order":0,"comment_status":"closed","ping_status":"closed","template":"","meta":{"footnotes":""},"class_list":["post-286","page","type-page","status-publish","hentry"],"_links":{"self":[{"href":"https:\/\/minieradoro.ch\/de\/wp-json\/wp\/v2\/pages\/286","targetHints":{"allow":["GET"]}}],"collection":[{"href":"https:\/\/minieradoro.ch\/de\/wp-json\/wp\/v2\/pages"}],"about":[{"href":"https:\/\/minieradoro.ch\/de\/wp-json\/wp\/v2\/types\/page"}],"author":[{"embeddable":true,"href":"https:\/\/minieradoro.ch\/de\/wp-json\/wp\/v2\/users\/5"}],"replies":[{"embeddable":true,"href":"https:\/\/minieradoro.ch\/de\/wp-json\/wp\/v2\/comments?post=286"}],"version-history":[{"count":3,"href":"https:\/\/minieradoro.ch\/de\/wp-json\/wp\/v2\/pages\/286\/revisions"}],"predecessor-version":[{"id":5898,"href":"https:\/\/minieradoro.ch\/de\/wp-json\/wp\/v2\/pages\/286\/revisions\/5898"}],"wp:attachment":[{"href":"https:\/\/minieradoro.ch\/de\/wp-json\/wp\/v2\/media?parent=286"}],"curies":[{"name":"wp","href":"https:\/\/api.w.org\/{rel}","templated":true}]}}