{"id":5818,"date":"2025-01-20T15:00:16","date_gmt":"2025-01-20T15:00:16","guid":{"rendered":"https:\/\/minieradoro.ch\/?page_id=5818"},"modified":"2025-01-21T14:23:57","modified_gmt":"2025-01-21T14:23:57","slug":"privacy-policy","status":"publish","type":"page","link":"https:\/\/minieradoro.ch\/de\/privacy-policy\/","title":{"rendered":"Privacy Policy"},"content":{"rendered":"\t\t<div data-elementor-type=\"wp-page\" data-elementor-id=\"5818\" class=\"elementor elementor-5818\">\n\t\t\t\t<div class=\"elementor-element elementor-element-378da558 e-con-full e-flex wpr-particle-no wpr-jarallax-no wpr-parallax-no wpr-sticky-section-no wpr-equal-height-no e-con e-parent\" data-id=\"378da558\" data-element_type=\"container\" data-e-type=\"container\" data-settings=\"{&quot;background_background&quot;:&quot;classic&quot;}\">\n\t\t<div class=\"elementor-element elementor-element-64039e02 e-flex e-con-boxed wpr-particle-no wpr-jarallax-no wpr-parallax-no wpr-sticky-section-no wpr-equal-height-no e-con e-child\" data-id=\"64039e02\" data-element_type=\"container\" data-e-type=\"container\">\n\t\t\t\t\t<div class=\"e-con-inner\">\n\t\t\t\t<div class=\"elementor-element elementor-element-76282bcc elementor-widget elementor-widget-heading\" data-id=\"76282bcc\" data-element_type=\"widget\" data-e-type=\"widget\" data-widget_type=\"heading.default\">\n\t\t\t\t<div class=\"elementor-widget-container\">\n\t\t\t\t\t<h1 class=\"elementor-heading-title elementor-size-default\">Privacy Policy<\/h1>\t\t\t\t<\/div>\n\t\t\t\t<\/div>\n\t\t\t\t\t<\/div>\n\t\t\t\t<\/div>\n\t\t\t\t<\/div>\n\t\t<div class=\"elementor-element elementor-element-1b29484e e-con-full e-flex wpr-particle-no wpr-jarallax-no wpr-parallax-no wpr-sticky-section-no wpr-equal-height-no e-con e-parent\" data-id=\"1b29484e\" data-element_type=\"container\" data-e-type=\"container\" data-settings=\"{&quot;background_background&quot;:&quot;classic&quot;}\">\n\t\t<div class=\"elementor-element elementor-element-7abe6529 e-con-full e-flex wpr-particle-no wpr-jarallax-no wpr-parallax-no wpr-sticky-section-no wpr-equal-height-no e-con e-child\" data-id=\"7abe6529\" data-element_type=\"container\" data-e-type=\"container\">\n\t\t\t\t<div class=\"elementor-element elementor-element-dee2e6a elementor-widget elementor-widget-text-editor\" data-id=\"dee2e6a\" data-element_type=\"widget\" data-e-type=\"widget\" data-widget_type=\"text-editor.default\">\n\t\t\t\t<div class=\"elementor-widget-container\">\n\t\t\t\t\t\t\t\t\t<h3 class=\"p1\"><span class=\"s1\">1. Eigentum der Website<br \/><\/span><\/h3><p class=\"p1\"><span class=\"s1\">Die Website <a href=\"https:\/\/minieradoro.ch\/\"><span class=\"s2\">https:\/\/minieradoro.ch\/<\/span><\/a> geh\u00f6rt der Associazione Miniera d&#8217;Oro di Sessa, Casella postale 7, 6997 Sessa, Schweiz.<\/span><\/p><p>\u00a0<\/p><h3 class=\"p1\"><span class=\"s1\">2. Einleitung<br \/><\/span><\/h3><p class=\"p1\"><span class=\"s1\">Die Miniera d\u2019Oro di Sessa (nachfolgend &#8222;Miniera d\u2019Oro&#8220;, &#8222;wir&#8220;, &#8222;uns&#8220;) respektiert Ihre Privatsph\u00e4re und verpflichtet sich, die pers\u00f6nlichen Daten, die wir sammeln, zu sch\u00fctzen. Diese Datenschutzerkl\u00e4rung beschreibt, wie wir Ihre personenbezogenen Daten in \u00dcbereinstimmung mit den schweizerischen Datenschutzgesetzen (insbesondere dem Datenschutzgesetz, DSG) erheben, verwenden und sch\u00fctzen.<\/span><\/p><p>\u00a0<\/p><h3 class=\"p1\"><span class=\"s1\">3. Erhobene Daten<br \/><\/span><\/h3><p class=\"p1\"><span class=\"s1\">Wir sammeln personenbezogene Daten \u00fcber folgende Kan\u00e4le:<\/span><\/p><ul class=\"ul1\"><li class=\"li2\"><span class=\"s1\">Kontaktformular: Wenn Sie das Kontaktformular ausf\u00fcllen, erheben wir Ihren Namen, Ihre E-Mail-Adresse und den Inhalt Ihrer Nachricht. Diese Daten werden ausschlie\u00dflich verwendet, um auf Ihre Anfragen zu antworten.<\/span><\/li><li class=\"li2\"><span class=\"s1\">Online-Ticketkaufformular: Wir erheben die f\u00fcr den Ticketverkauf erforderlichen Daten (Vorname, Nachname, E-Mail-Adresse, Telefonnummer), um Ihre F\u00fchrung zu organisieren.<\/span><\/li><\/ul><p>\u00a0<\/p><h3 class=\"p1\"><span class=\"s1\">4. Verwendung der Daten<br \/><\/span><\/h3><p class=\"p1\"><span class=\"s1\">Die gesammelten personenbezogenen Daten werden nur zu folgenden Zwecken verwendet:<\/span><\/p><ul class=\"ul1\"><li class=\"li2\"><span class=\"s1\">Beantwortung von Anfragen \u00fcber das Kontaktformular.<\/span><\/li><li class=\"li2\"><span class=\"s1\">Verwaltung und Organisation der F\u00fchrungen, einschlie\u00dflich des Verkaufs von Eintrittskarten.<\/span><\/li><\/ul><p>\u00a0<\/p><h3 class=\"p1\"><span class=\"s1\">5. Datenschutz<br \/><\/span><\/h3><p class=\"p1\"><span class=\"s1\">Die \u00fcber die Formulare gesammelten sensiblen Daten werden nicht f\u00fcr Marketingzwecke verwendet oder an Dritte weitergegeben. Sie sind nur f\u00fcr das autorisierte Personal der Miniera d\u2019Oro di Sessa einsehbar und werden gem\u00e4\u00df dem Schweizer Datenschutzgesetz verarbeitet.<\/span><\/p><p>\u00a0<\/p><h3 class=\"p1\"><span class=\"s1\">6. Cookies<br \/><\/span><\/h3><p class=\"p1\"><span class=\"s1\">Diese Website verwendet nur funktionale Cookies, die f\u00fcr das ordnungsgem\u00e4\u00dfe Funktionieren der Website erforderlich sind, wie z. B. die Speicherung von Pr\u00e4ferenzen und die Verwaltung von Sitzungen. Wir verwenden keine Cookies f\u00fcr Marketing- oder Profiling-Zwecke.<\/span><\/p><p>\u00a0<\/p><h3 class=\"p1\"><span class=\"s1\">7. Rechte der Benutzer<br \/><\/span><\/h3><p class=\"p1\"><span class=\"s1\">Sie haben das Recht, auf Ihre personenbezogenen Daten zuzugreifen, deren Berichtigung, L\u00f6schung oder Einschr\u00e4nkung der Verarbeitung gem\u00e4\u00df den Datenschutzbestimmungen zu verlangen. Um Ihre Rechte auszu\u00fcben, kontaktieren Sie uns bitte \u00fcber unser Kontaktformular.<\/span><\/p><p>\u00a0<\/p><h3 class=\"p1\"><span class=\"s1\">8. \u00c4nderungen der Datenschutzerkl\u00e4rung<br \/><\/span><\/h3><p class=\"p1\"><span class=\"s1\">Wir behalten uns das Recht vor, diese Datenschutzerkl\u00e4rung jederzeit zu \u00e4ndern. Etwaige \u00c4nderungen werden auf dieser Seite ver\u00f6ffentlicht, mit dem Datum der letzten Aktualisierung.<\/span><\/p><p>\u00a0<\/p><h3 class=\"p1\"><span class=\"s1\">Kontakt<br \/><\/span><\/h3><p class=\"p1\"><span class=\"s1\">F\u00fcr Fragen zum Datenschutz k\u00f6nnen Sie uns unter folgender E-Mail-Adresse kontaktieren: <\/span><a href=\"mailto:info@minieradoro.ch\" target=\"_blank\" rel=\"noopener\"><span class=\"s3\">info@minieradoro.ch<\/span><\/a><span class=\"s1\">.<\/span><\/p>\t\t\t\t\t\t\t\t<\/div>\n\t\t\t\t<\/div>\n\t\t\t\t<\/div>\n\t\t\t\t<\/div>\n\t\t\t\t<\/div>\n\t\t","protected":false},"excerpt":{"rendered":"<p>Privacy Policy 1. Propriet\u00e0 del sito Il sito web https:\/\/minieradoro.ch\/ \u00e8 di propriet\u00e0 dell&#8217;Associazione Miniera d&#8217;Oro di Sessa, Casella postale 7, 6997 Sessa, Svizzera. \u00a0 2. Introduzione La Miniera d\u2019Oro di Sessa (di seguito &#8222;Miniera d\u2019Oro&#8220;, &#8222;noi&#8220;, &#8222;ci&#8220;) rispetta la tua privacy e si impegna a proteggere i dati personali che raccogliamo. Questa Privacy Policy descrive come raccogliamo, utilizziamo e proteggiamo i tuoi dati personali, in conformit\u00e0 con le normative svizzere sulla protezione dei dati (in particolare la Legge federale sulla protezione dei dati, LPD). \u00a0 3. Dati raccolti Raccogliamo dati personali attraverso i seguenti canali:Formulario di contatto: quando compili il modulo di contatto, raccogliamo il tuo nome, indirizzo email e il contenuto del messaggio. Questi dati sono utilizzati esclusivamente per rispondere alle tue richieste.Formulario di acquisto online dei biglietti: raccogliamo i dati necessari per la vendita dei biglietti (nome, cognome, indirizzo email, numero di telefono) al fine di organizzare la tua visita guidata. \u00a0 4. Uso dei dati I dati personali raccolti vengono utilizzati solo per: Rispondere alle richieste inviate tramite il formulario di contatto.Gestire e organizzare le visite guidate, inclusa la vendita dei biglietti d&#8217;ingresso. 5. Protezione dei dati I dati sensibili forniti tramite i formulari non vengono utilizzati per scopi di marketing, n\u00e9 vengono ceduti a terzi. Sono visibili esclusivamente al personale autorizzato della Miniera d\u2019Oro di Sessa e sono trattati in conformit\u00e0 con la Legge federale sulla protezione dei dati. \u00a0 6. Cookies Questo sito utilizza solo cookie funzionali necessari per il corretto funzionamento del sito stesso, come la memorizzazione delle preferenze e la gestione delle sessioni. Non utilizziamo cookie per raccogliere dati per finalit\u00e0 di marketing o profilazione. \u00a0 7. Diritti dell&#8217;utente Hai il diritto di accedere ai tuoi dati personali, richiederne la correzione, la cancellazione o la limitazione del trattamento in conformit\u00e0 con la normativa sulla protezione dei dati. Per esercitare i tuoi diritti, contattaci tramite il nostro formulario di contatto. \u00a0 8. Modifiche alla Privacy Policy Ci riserviamo il diritto di modificare questa Privacy Policy in qualsiasi momento. Eventuali modifiche saranno pubblicate su questa pagina con la data di aggiornamento. \u00a0 Contatti Per qualsiasi domanda relativa alla protezione dei dati, puoi contattarci all\u2019indirizzo email: info@minieradoro.ch.<\/p>\n","protected":false},"author":5,"featured_media":0,"parent":0,"menu_order":0,"comment_status":"closed","ping_status":"closed","template":"","meta":{"footnotes":""},"class_list":["post-5818","page","type-page","status-publish","hentry"],"_links":{"self":[{"href":"https:\/\/minieradoro.ch\/de\/wp-json\/wp\/v2\/pages\/5818","targetHints":{"allow":["GET"]}}],"collection":[{"href":"https:\/\/minieradoro.ch\/de\/wp-json\/wp\/v2\/pages"}],"about":[{"href":"https:\/\/minieradoro.ch\/de\/wp-json\/wp\/v2\/types\/page"}],"author":[{"embeddable":true,"href":"https:\/\/minieradoro.ch\/de\/wp-json\/wp\/v2\/users\/5"}],"replies":[{"embeddable":true,"href":"https:\/\/minieradoro.ch\/de\/wp-json\/wp\/v2\/comments?post=5818"}],"version-history":[{"count":28,"href":"https:\/\/minieradoro.ch\/de\/wp-json\/wp\/v2\/pages\/5818\/revisions"}],"predecessor-version":[{"id":5850,"href":"https:\/\/minieradoro.ch\/de\/wp-json\/wp\/v2\/pages\/5818\/revisions\/5850"}],"wp:attachment":[{"href":"https:\/\/minieradoro.ch\/de\/wp-json\/wp\/v2\/media?parent=5818"}],"curies":[{"name":"wp","href":"https:\/\/api.w.org\/{rel}","templated":true}]}}