{"id":6026,"date":"2025-02-19T19:27:26","date_gmt":"2025-02-19T19:27:26","guid":{"rendered":"https:\/\/minieradoro.ch\/?page_id=6026"},"modified":"2025-02-21T10:45:28","modified_gmt":"2025-02-21T10:45:28","slug":"riservazione-gruppi","status":"publish","type":"page","link":"https:\/\/minieradoro.ch\/de\/riservazione-gruppi\/","title":{"rendered":"Riservazione gruppi"},"content":{"rendered":"\t\t<div data-elementor-type=\"wp-page\" data-elementor-id=\"6026\" class=\"elementor elementor-6026\">\n\t\t\t\t<div class=\"elementor-element elementor-element-4d8b58b8 e-con-full e-flex wpr-particle-no wpr-jarallax-no wpr-parallax-no wpr-sticky-section-no wpr-equal-height-no e-con e-parent\" data-id=\"4d8b58b8\" data-element_type=\"container\" data-e-type=\"container\" data-settings=\"{&quot;background_background&quot;:&quot;classic&quot;}\">\n\t\t<div class=\"elementor-element elementor-element-265fbd96 e-flex e-con-boxed wpr-particle-no wpr-jarallax-no wpr-parallax-no wpr-sticky-section-no wpr-equal-height-no e-con e-child\" data-id=\"265fbd96\" data-element_type=\"container\" data-e-type=\"container\">\n\t\t\t\t\t<div class=\"e-con-inner\">\n\t\t\t\t<div class=\"elementor-element elementor-element-14c0a320 elementor-widget elementor-widget-heading\" data-id=\"14c0a320\" data-element_type=\"widget\" data-e-type=\"widget\" data-widget_type=\"heading.default\">\n\t\t\t\t<div class=\"elementor-widget-container\">\n\t\t\t\t\t<h1 class=\"elementor-heading-title elementor-size-default\">Gruppenreservierung<\/h1>\t\t\t\t<\/div>\n\t\t\t\t<\/div>\n\t\t\t\t\t<\/div>\n\t\t\t\t<\/div>\n\t\t\t\t<\/div>\n\t\t<div class=\"elementor-element elementor-element-7c07096 e-con-full e-flex wpr-particle-no wpr-jarallax-no wpr-parallax-no wpr-sticky-section-no wpr-equal-height-no e-con e-parent\" data-id=\"7c07096\" data-element_type=\"container\" data-e-type=\"container\" data-settings=\"{&quot;background_background&quot;:&quot;classic&quot;}\">\n\t\t<div class=\"elementor-element elementor-element-edf4ffd e-con-full e-flex wpr-particle-no wpr-jarallax-no wpr-parallax-no wpr-sticky-section-no wpr-equal-height-no e-con e-child\" data-id=\"edf4ffd\" data-element_type=\"container\" data-e-type=\"container\">\n\t\t\t\t<div class=\"elementor-element elementor-element-726d1bc elementor-widget-tablet__width-initial elementor-widget elementor-widget-text-editor\" data-id=\"726d1bc\" data-element_type=\"widget\" data-e-type=\"widget\" data-widget_type=\"text-editor.default\">\n\t\t\t\t<div class=\"elementor-widget-container\">\n\t\t\t\t\t\t\t\t\t<p>ACHTUNG!<br \/>Dieses Formular ist f\u00fcr Reservierungen f\u00fcr Gruppen von 10 oder mehr Personen gedacht.<\/p><p>Kleinere Gruppen, Familien und Einzelpersonen k\u00f6nnen <a href=\"https:\/\/minieradoro.ch\/de\/ticket\/\">hier<\/a> direkt online Tickets kaufen.<\/p>\t\t\t\t\t\t\t\t<\/div>\n\t\t\t\t<\/div>\n\t\t\t\t<\/div>\n\t\t<div class=\"elementor-element elementor-element-82f3323 e-con-full e-flex wpr-particle-no wpr-jarallax-no wpr-parallax-no wpr-sticky-section-no wpr-equal-height-no e-con e-child\" data-id=\"82f3323\" data-element_type=\"container\" data-e-type=\"container\">\n\t\t\t\t<div class=\"elementor-element elementor-element-75bcaf0 elementor-widget elementor-widget-shortcode\" data-id=\"75bcaf0\" data-element_type=\"widget\" data-e-type=\"widget\" data-widget_type=\"shortcode.default\">\n\t\t\t\t<div class=\"elementor-widget-container\">\n\t\t\t\t\t\t\t<div class=\"elementor-shortcode\">\n<div class=\"wpcf7 no-js\" id=\"wpcf7-f6052-o1\" lang=\"it-IT\" dir=\"ltr\" data-wpcf7-id=\"6052\">\n<div class=\"screen-reader-response\"><p role=\"status\" aria-live=\"polite\" aria-atomic=\"true\"><\/p> <ul><\/ul><\/div>\n<form action=\"\/de\/wp-json\/wp\/v2\/pages\/6026#wpcf7-f6052-o1\" method=\"post\" class=\"wpcf7-form init\" aria-label=\"Modulo di contatto\" novalidate=\"novalidate\" data-status=\"init\">\n<fieldset class=\"hidden-fields-container\"><input type=\"hidden\" name=\"_wpcf7\" value=\"6052\" \/><input type=\"hidden\" name=\"_wpcf7_version\" value=\"6.1.5\" \/><input type=\"hidden\" name=\"_wpcf7_locale\" value=\"it_IT\" \/><input type=\"hidden\" name=\"_wpcf7_unit_tag\" value=\"wpcf7-f6052-o1\" \/><input type=\"hidden\" name=\"_wpcf7_container_post\" value=\"0\" \/><input type=\"hidden\" name=\"_wpcf7_posted_data_hash\" value=\"\" \/><input type=\"hidden\" name=\"_cf7a__timestamp\" value=\"4wYUPIHDBqlWSNUsXCr99Q==\" \/><input type=\"hidden\" name=\"_cf7a_version\" value=\"1.0\" \/><input type=\"hidden\" name=\"_cf7a_address\" value=\"\" \/><input type=\"hidden\" name=\"_cf7a_referer\" value=\"\" \/><input type=\"hidden\" name=\"_cf7a_protocol\" value=\"\" \/><input type=\"hidden\" name=\"_cf7a_bot_fingerprint\" value=\"4wYUPIHDBqlWSNUsXCr99Q==\" \/><input type=\"hidden\" name=\"_cf7a_bot_fingerprint_extras\" \/><input type=\"hidden\" name=\"_cf7a_append_on_submit\" \/>\n<\/fieldset>\n<p><label> Name (der f\u00fcr die Gruppe verantwortlichen Person)<br \/>\n<span class=\"wpcf7-form-control-wrap\" data-name=\"Nome\"><input type=\"text\" name=\"name\" value=\"\" autocomplete=\"fill\" class=\"fit-the-fullspace\" aria-hidden=\"true\" tabindex=\"-1\" \/><input size=\"40\" maxlength=\"400\" class=\"wpcf7-form-control wpcf7-text wpcf7-validates-as-required\" aria-required=\"true\" aria-invalid=\"false\" value=\"\" type=\"text\" name=\"Nome\" \/><\/span><\/label>\n<\/p>\n<p><label> Nachname (der f\u00fcr die Gruppe verantwortlichen Person)<br \/>\n<span class=\"wpcf7-form-control-wrap\" data-name=\"Cognome\"><input size=\"40\" maxlength=\"400\" class=\"wpcf7-form-control wpcf7-text wpcf7-validates-as-required\" aria-required=\"true\" aria-invalid=\"false\" value=\"\" type=\"text\" name=\"Cognome\" \/><input type=\"text\" name=\"email\" value=\"\" autocomplete=\"fill\" class=\"fit-the-fullspace\" aria-hidden=\"true\" tabindex=\"-1\" \/><\/span><\/label>\n<\/p>\n<p><label> E-Mail (der f\u00fcr die Gruppe verantwortlichen Person)<br \/>\n<span class=\"wpcf7-form-control-wrap\" data-name=\"your-email\"><input size=\"40\" maxlength=\"400\" class=\"wpcf7-form-control wpcf7-email wpcf7-validates-as-required wpcf7-text wpcf7-validates-as-email\" autocomplete=\"email\" aria-required=\"true\" aria-invalid=\"false\" value=\"\" type=\"email\" name=\"your-email\" \/><\/span> <\/label>\n<\/p>\n<p><label> Telefon (der f\u00fcr die Gruppe verantwortlichen Person)<br \/>\n<span class=\"wpcf7-form-control-wrap\" data-name=\"telefono\"><input size=\"40\" maxlength=\"400\" class=\"wpcf7-form-control wpcf7-tel wpcf7-validates-as-required wpcf7-text wpcf7-validates-as-tel\" aria-required=\"true\" aria-invalid=\"false\" value=\"\" type=\"tel\" name=\"telefono\" \/><\/span> <\/label>\n<\/p>\n<p><label> Anzahl der Teilnehmer (PF geben Sie an, wie viele Erwachsene, junge Menschen und\/oder Kinder):<br \/>\n<span class=\"wpcf7-form-control-wrap\" data-name=\"partecipanti\"><textarea cols=\"40\" rows=\"10\" maxlength=\"2000\" class=\"wpcf7-form-control wpcf7-textarea wpcf7-validates-as-required\" aria-required=\"true\" aria-invalid=\"false\" name=\"partecipanti\"><\/textarea><\/span> <\/label>\n<\/p>\n<p><label> Datum des Besuchs<br \/>\n<span class=\"wpcf7-form-control-wrap\" data-name=\"data\"><input class=\"wpcf7-form-control wpcf7-date wpcf7-validates-as-required wpcf7-validates-as-date\" aria-required=\"true\" aria-invalid=\"false\" value=\"\" type=\"date\" name=\"data\" \/><\/span> <\/label>\n<\/p>\n<p><label> Besuchszeit<br \/>\n<span class=\"wpcf7-form-control-wrap\" data-name=\"orario\"><select class=\"wpcf7-form-control wpcf7-select wpcf7-validates-as-required\" aria-required=\"true\" aria-invalid=\"false\" name=\"orario\"><option value=\"09:00\">09:00<\/option><option value=\"09:15\">09:15<\/option><option value=\"09:30\">09:30<\/option><option value=\"09:45\">09:45<\/option><option value=\"10:00\">10:00<\/option><option value=\"10:15\">10:15<\/option><option value=\"10:30\">10:30<\/option><option value=\"10:45\">10:45<\/option><option value=\"11:00\">11:00<\/option><option value=\"11:15\">11:15<\/option><option value=\"11:30\">11:30<\/option><option value=\"11:45\">11:45<\/option><option value=\"12:00\">12:00<\/option><option value=\"12:15\">12:15<\/option><option value=\"12:30\">12:30<\/option><option value=\"12:45\">12:45<\/option><option value=\"13:00\">13:00<\/option><option value=\"13:15\">13:15<\/option><option value=\"13:30\">13:30<\/option><option value=\"13:45\">13:45<\/option><option value=\"14:00\">14:00<\/option><option value=\"14:15\">14:15<\/option><option value=\"14:30\">14:30<\/option><option value=\"14:45\">14:45<\/option><option value=\"15:00\">15:00<\/option><option value=\"15:15\">15:15<\/option><option value=\"15:30\">15:30<\/option><option value=\"15:45\">15:45<\/option><option value=\"16:00\">16:00<\/option><option value=\"16:15\">16:15<\/option><option value=\"16:30\">16:30<\/option><option value=\"16:45\">16:45<\/option><option value=\"17:00\">17:00<\/option><option value=\"17:15\">17:15<\/option><option value=\"17:30\">17:30<\/option><option value=\"17:45\">17:45<\/option><option value=\"18:00\">18:00<\/option><option value=\"18:15\">18:15<\/option><option value=\"18:30\">18:30<\/option><option value=\"18:45\">18:45<\/option><\/select><\/span> <\/label>\n<\/p>\n<p><label> Sprache der F\u00fchrung<br \/>\n<span class=\"wpcf7-form-control-wrap\" data-name=\"Lingua\"><select class=\"wpcf7-form-control wpcf7-select wpcf7-validates-as-required\" aria-required=\"true\" aria-invalid=\"false\" name=\"Lingua\"><option value=\"Italienisch\">Italienisch<\/option><option value=\"Englisch\">Englisch<\/option><option value=\"Deutsch\">Deutsch<\/option><option value=\"Franz\u00f6sisch\">Franz\u00f6sisch<\/option><\/select><\/span> <\/label>\n<\/p>\n<p><input class=\"wpcf7-form-control wpcf7-submit has-spinner\" type=\"submit\" value=\"Senden\" \/>\n<\/p><div class=\"wpcf7-response-output\" aria-hidden=\"true\"><\/div>\n<\/form>\n<\/div>\n<\/div>\n\t\t\t\t\t\t<\/div>\n\t\t\t\t<\/div>\n\t\t\t\t<\/div>\n\t\t\t\t<\/div>\n\t\t\t\t<\/div>\n\t\t","protected":false},"excerpt":{"rendered":"<p>Riservazione gruppi ATTENZIONE:Questo formulario \u00e8 dedicato alla riservazione per gruppi di 10 o pi\u00f9 persone. Gruppi pi\u00f9 piccoli, famiglie e persone individuali possono acquistare i biglietti direttamente online qui. Nome (della persona responsabile del gruppo) Cognome (della persona responsabile del gruppo) E-mail (della persona responsabile del gruppo) Telefono (della persona responsabile del gruppo) Nr. partecipanti (PF indicare quanti adulti, ragazzi e\/o bambini): Data della visita Orario della visita 09:0009:1509:3009:4510:0010:1510:3010:4511:0011:1511:3011:4512:0012:1512:3012:4513:0013:1513:3013:4514:0014:1514:3014:4515:0015:1515:3015:4516:0016:1516:3016:4517:0017:1517:3017:4518:0018:1518:3018:45 Lingua della visita guidata ItalianoIngleseTedescoFrancese<\/p>\n","protected":false},"author":5,"featured_media":0,"parent":0,"menu_order":0,"comment_status":"closed","ping_status":"closed","template":"","meta":{"footnotes":""},"class_list":["post-6026","page","type-page","status-publish","hentry"],"_links":{"self":[{"href":"https:\/\/minieradoro.ch\/de\/wp-json\/wp\/v2\/pages\/6026","targetHints":{"allow":["GET"]}}],"collection":[{"href":"https:\/\/minieradoro.ch\/de\/wp-json\/wp\/v2\/pages"}],"about":[{"href":"https:\/\/minieradoro.ch\/de\/wp-json\/wp\/v2\/types\/page"}],"author":[{"embeddable":true,"href":"https:\/\/minieradoro.ch\/de\/wp-json\/wp\/v2\/users\/5"}],"replies":[{"embeddable":true,"href":"https:\/\/minieradoro.ch\/de\/wp-json\/wp\/v2\/comments?post=6026"}],"version-history":[{"count":28,"href":"https:\/\/minieradoro.ch\/de\/wp-json\/wp\/v2\/pages\/6026\/revisions"}],"predecessor-version":[{"id":6062,"href":"https:\/\/minieradoro.ch\/de\/wp-json\/wp\/v2\/pages\/6026\/revisions\/6062"}],"wp:attachment":[{"href":"https:\/\/minieradoro.ch\/de\/wp-json\/wp\/v2\/media?parent=6026"}],"curies":[{"name":"wp","href":"https:\/\/api.w.org\/{rel}","templated":true}]}}