{"id":614,"date":"2024-08-02T17:11:07","date_gmt":"2024-08-02T17:11:07","guid":{"rendered":"https:\/\/minieradoro.ch\/?page_id=614"},"modified":"2026-02-02T10:07:43","modified_gmt":"2026-02-02T10:07:43","slug":"orari","status":"publish","type":"page","link":"https:\/\/minieradoro.ch\/de\/orari\/","title":{"rendered":"Orari"},"content":{"rendered":"\t\t<div data-elementor-type=\"wp-page\" data-elementor-id=\"614\" class=\"elementor elementor-614\">\n\t\t\t\t<div class=\"elementor-element elementor-element-433caccd e-con-full e-flex wpr-particle-no wpr-jarallax-no wpr-parallax-no wpr-sticky-section-no wpr-equal-height-no e-con e-parent\" data-id=\"433caccd\" data-element_type=\"container\" data-e-type=\"container\" data-settings=\"{&quot;background_background&quot;:&quot;classic&quot;}\">\n\t\t<div class=\"elementor-element elementor-element-27542fd0 e-flex e-con-boxed wpr-particle-no wpr-jarallax-no wpr-parallax-no wpr-sticky-section-no wpr-equal-height-no e-con e-child\" data-id=\"27542fd0\" data-element_type=\"container\" data-e-type=\"container\">\n\t\t\t\t\t<div class=\"e-con-inner\">\n\t\t\t\t<div class=\"elementor-element elementor-element-112c21e1 elementor-widget elementor-widget-heading\" data-id=\"112c21e1\" data-element_type=\"widget\" data-e-type=\"widget\" data-widget_type=\"heading.default\">\n\t\t\t\t<div class=\"elementor-widget-container\">\n\t\t\t\t\t<h1 class=\"elementor-heading-title elementor-size-default\">Preise und \u00d6ffnungszeiten<\/h1>\t\t\t\t<\/div>\n\t\t\t\t<\/div>\n\t\t\t\t\t<\/div>\n\t\t\t\t<\/div>\n\t\t\t\t<\/div>\n\t\t<div class=\"elementor-element elementor-element-54bced3e e-con-full e-flex wpr-particle-no wpr-jarallax-no wpr-parallax-no wpr-sticky-section-no wpr-equal-height-no e-con e-parent\" data-id=\"54bced3e\" data-element_type=\"container\" data-e-type=\"container\" data-settings=\"{&quot;background_background&quot;:&quot;classic&quot;}\">\n\t\t<div class=\"elementor-element elementor-element-7fcb7859 e-con-full e-flex wpr-particle-no wpr-jarallax-no wpr-parallax-no wpr-sticky-section-no wpr-equal-height-no e-con e-child\" data-id=\"7fcb7859\" data-element_type=\"container\" data-e-type=\"container\">\n\t\t\t\t<div class=\"elementor-element elementor-element-7f27ca1 elementor-widget-tablet__width-initial elementor-widget elementor-widget-text-editor\" data-id=\"7f27ca1\" data-element_type=\"widget\" data-e-type=\"widget\" data-widget_type=\"text-editor.default\">\n\t\t\t\t<div class=\"elementor-widget-container\">\n\t\t\t\t\t\t\t\t\t<h2>\u00d6ffnungszeiten<\/h2><h3>Fr\u00fchjahrssaison:<\/h3><p>Von Mitte M\u00e4rz bis Ende Juni kann das Bergwerk samstags und sonntags um 10 Uhr und um 14 Uhr besichtigt werden.<\/p><h3>Sommersaison:<\/h3><p>Im Juli und August ist das Bergwerk ab diesem Jahr an f\u00fcnf Tagen in der Woche ge\u00f6ffnet: von Mittwoch bis Sonntag mit drei Besichtigungen pro Tag (10:00 &#8211; 13:00 &#8211; 14:30 Uhr).<\/p><h3>Herbstsaison:<\/h3><p>Von September bis Ende Oktober, samstags und sonntags mit Besichtigungen um 10:00 und 14:00 Uhr ge\u00f6ffnet.<\/p><p><strong>F\u00fcr Besuche an Feiertagen unter der Woche informieren Sie sich am besten auf der Website \u00fcber die aktuellen Sonder\u00f6ffnungen. F\u00fcr Gruppen und Schulklassen kann das Bergwerk an jedem Tag der Woche besichtigt werden.<\/strong><\/p><div class=\"page\" title=\"Page 1\"><div class=\"section\"><div class=\"layoutArea\"><div class=\"column\"><div class=\"page\" title=\"Page 1\"><div class=\"section\"><div class=\"layoutArea\"><div class=\"column\"><div class=\"page\" title=\"Page 1\"><div class=\"section\"><div class=\"layoutArea\"><div class=\"column\"><h2>Wichtige Informationen<\/h2><ul><li>Besichtigung nach Voranmeldung garantiert.<\/li><li>Die Temperatur in der Mine betra\u0308gt konstant 11-12\u00b0C. Wir empfehlen warme Bekleidung zu tragen. In der Mine hat es schlammige Stellen. Der Zugang ist nur mit Stiefeln oder dazu geeigneten Schuhen erlaubt.<\/li><li><div class=\"page\" title=\"Page 1\"><div class=\"section\"><div class=\"layoutArea\"><div class=\"column\"><p>Kleinkinder mu\u0308ssen selbststa\u0308ndig laufen ko\u0308nnen (die Verwendung von Babytrage ist verboten).<\/p><\/div><\/div><\/div><\/div><\/li><\/ul><\/div><\/div><\/div><\/div><\/div><\/div><\/div><\/div><\/div><\/div><\/div><\/div>\t\t\t\t\t\t\t\t<\/div>\n\t\t\t\t<\/div>\n\t\t\t\t<div class=\"elementor-element elementor-element-e27d494 elementor-widget-tablet__width-initial elementor-widget elementor-widget-text-editor\" data-id=\"e27d494\" data-element_type=\"widget\" data-e-type=\"widget\" data-widget_type=\"text-editor.default\">\n\t\t\t\t<div class=\"elementor-widget-container\">\n\t\t\t\t\t\t\t\t\t<h2>Wichtige Informationen<\/h2><div><div><strong>DIE TEMPERATUR IM STOLLEN\u00a0IST STETS 11-12 \u00b0 C MIT 100% LUFTFEUCHTIGKEIT,\u00a0so dass Sie schwere Sportbekleidung brauchen, auch im Sommer sind Trekkingschuhe sehr zu empfehlen.<\/strong><\/div><\/div>\t\t\t\t\t\t\t\t<\/div>\n\t\t\t\t<\/div>\n\t\t\t\t<\/div>\n\t\t<div class=\"elementor-element elementor-element-35ba587c e-con-full e-flex wpr-particle-no wpr-jarallax-no wpr-parallax-no wpr-sticky-section-no wpr-equal-height-no e-con e-child\" data-id=\"35ba587c\" data-element_type=\"container\" data-e-type=\"container\" data-settings=\"{&quot;background_background&quot;:&quot;classic&quot;}\">\n\t\t<div class=\"elementor-element elementor-element-4ac7f4bc e-con-full e-flex wpr-particle-no wpr-jarallax-no wpr-parallax-no wpr-sticky-section-no wpr-equal-height-no e-con e-child\" data-id=\"4ac7f4bc\" data-element_type=\"container\" data-e-type=\"container\">\n\t\t\t\t<div class=\"elementor-element elementor-element-e130d42 elementor-widget elementor-widget-text-editor\" data-id=\"e130d42\" data-element_type=\"widget\" data-e-type=\"widget\" data-widget_type=\"text-editor.default\">\n\t\t\t\t<div class=\"elementor-widget-container\">\n\t\t\t\t\t\t\t\t\t<h2>Preise<\/h2>\t\t\t\t\t\t\t\t<\/div>\n\t\t\t\t<\/div>\n\t\t\t\t<\/div>\n\t\t<div class=\"elementor-element elementor-element-3f4ac302 e-grid e-con-full wpr-particle-no wpr-jarallax-no wpr-parallax-no wpr-sticky-section-no wpr-equal-height-no e-con e-child\" data-id=\"3f4ac302\" data-element_type=\"container\" data-e-type=\"container\">\n\t\t<div class=\"elementor-element elementor-element-e99156d e-con-full e-flex wpr-particle-no wpr-jarallax-no wpr-parallax-no wpr-sticky-section-no wpr-equal-height-no e-con e-child\" data-id=\"e99156d\" data-element_type=\"container\" data-e-type=\"container\">\n\t\t\t\t<\/div>\n\t\t\t\t<div class=\"elementor-element elementor-element-4ce91895 elementor-widget elementor-widget-text-editor\" data-id=\"4ce91895\" data-element_type=\"widget\" data-e-type=\"widget\" data-widget_type=\"text-editor.default\">\n\t\t\t\t<div class=\"elementor-widget-container\">\n\t\t\t\t\t\t\t\t\t<h3>Vollpreis<\/h3>\t\t\t\t\t\t\t\t<\/div>\n\t\t\t\t<\/div>\n\t\t\t\t<div class=\"elementor-element elementor-element-2bd79a1e elementor-widget elementor-widget-text-editor\" data-id=\"2bd79a1e\" data-element_type=\"widget\" data-e-type=\"widget\" data-widget_type=\"text-editor.default\">\n\t\t\t\t<div class=\"elementor-widget-container\">\n\t\t\t\t\t\t\t\t\t<h3>Familie*<br \/>Gruppen<br \/>Ticino-Ticket<\/h3>\t\t\t\t\t\t\t\t<\/div>\n\t\t\t\t<\/div>\n\t\t\t\t<div class=\"elementor-element elementor-element-5c29b677 elementor-widget elementor-widget-text-editor\" data-id=\"5c29b677\" data-element_type=\"widget\" data-e-type=\"widget\" data-widget_type=\"text-editor.default\">\n\t\t\t\t<div class=\"elementor-widget-container\">\n\t\t\t\t\t\t\t\t\t<p><strong>Erwachsene<\/strong><\/p><p><strong>Jung<\/strong> (6-15 Jahre)<\/p><p><strong>Kinder<\/strong> (3-5 Jahre)<\/p><p>Minenmitglieder<\/p>\t\t\t\t\t\t\t\t<\/div>\n\t\t\t\t<\/div>\n\t\t\t\t<div class=\"elementor-element elementor-element-634589ef elementor-widget elementor-widget-text-editor\" data-id=\"634589ef\" data-element_type=\"widget\" data-e-type=\"widget\" data-widget_type=\"text-editor.default\">\n\t\t\t\t<div class=\"elementor-widget-container\">\n\t\t\t\t\t\t\t\t\t<p>20.\u2013 chf<\/p><p>13.\u2013 chf<\/p><p>Gratis<\/p><p>Gratis<\/p>\t\t\t\t\t\t\t\t<\/div>\n\t\t\t\t<\/div>\n\t\t\t\t<div class=\"elementor-element elementor-element-11f1968e elementor-widget elementor-widget-text-editor\" data-id=\"11f1968e\" data-element_type=\"widget\" data-e-type=\"widget\" data-widget_type=\"text-editor.default\">\n\t\t\t\t<div class=\"elementor-widget-container\">\n\t\t\t\t\t\t\t\t\t<p>16.\u2013 chf<\/p><p>10.\u2013 chf<\/p><p>Gratis<\/p><p>Gratis<\/p>\t\t\t\t\t\t\t\t<\/div>\n\t\t\t\t<\/div>\n\t\t\t\t<\/div>\n\t\t<div class=\"elementor-element elementor-element-6d5dc0f1 e-flex e-con-boxed wpr-particle-no wpr-jarallax-no wpr-parallax-no wpr-sticky-section-no wpr-equal-height-no e-con e-child\" data-id=\"6d5dc0f1\" data-element_type=\"container\" data-e-type=\"container\">\n\t\t\t\t\t<div class=\"e-con-inner\">\n\t\t\t\t<div class=\"elementor-element elementor-element-2d25eeaf elementor-widget elementor-widget-text-editor\" data-id=\"2d25eeaf\" data-element_type=\"widget\" data-e-type=\"widget\" data-widget_type=\"text-editor.default\">\n\t\t\t\t<div class=\"elementor-widget-container\">\n\t\t\t\t\t\t\t\t\t<h6><span class=\"\\&quot;wixui-rich-text__text\\&quot;\">*\u00a0<\/span><span class=\"\\&quot;wixui-rich-text__text\\&quot;\">Mindestens 1 Erwachsener und 1 Kind<\/span><\/h6>\t\t\t\t\t\t\t\t<\/div>\n\t\t\t\t<\/div>\n\t\t<div class=\"elementor-element elementor-element-526f188 e-con-full e-flex wpr-particle-no wpr-jarallax-no wpr-parallax-no wpr-sticky-section-no wpr-equal-height-no e-con e-child\" data-id=\"526f188\" data-element_type=\"container\" data-e-type=\"container\">\n\t\t\t\t<div class=\"elementor-element elementor-element-e592c43 elementor-mobile-align-center elementor-tablet-align-center elementor-widget elementor-widget-button\" data-id=\"e592c43\" data-element_type=\"widget\" data-e-type=\"widget\" data-widget_type=\"button.default\">\n\t\t\t\t<div class=\"elementor-widget-container\">\n\t\t\t\t\t\t\t\t\t<div class=\"elementor-button-wrapper\">\n\t\t\t\t\t<a class=\"elementor-button elementor-button-link elementor-size-sm\" href=\"https:\/\/minieradoro.ch\/de\/ticket\/\">\n\t\t\t\t\t\t<span class=\"elementor-button-content-wrapper\">\n\t\t\t\t\t\t\t\t\t<span class=\"elementor-button-text\">Ticket online bestellen<\/span>\n\t\t\t\t\t<\/span>\n\t\t\t\t\t<\/a>\n\t\t\t\t<\/div>\n\t\t\t\t\t\t\t\t<\/div>\n\t\t\t\t<\/div>\n\t\t\t\t<\/div>\n\t\t\t\t\t<\/div>\n\t\t\t\t<\/div>\n\t\t\t\t<\/div>\n\t\t\t\t<\/div>\n\t\t\t\t<\/div>\n\t\t","protected":false},"excerpt":{"rendered":"<p>Prezzi e Orari d&#8217;apertura Orari d&#8217;apertura \u00a0 Stagione primaverile Da met\u00e0 marzo fino alla fine di giugno\u00a0\u00a0la miniera \u00e8 visitabile il sabato e la domenica con visite alle 10:00 e alle 14:00. Stagione estiva Nei mesi di luglio e agosto \u00a0la Miniera \u00e8 aperta 5 giorni alla settimana: dal mercoled\u00ec alla domenica con tre visite al giorno (10:00 &#8211; 13:00 &#8211; 14:30). Stagione autunnale Da settembre a fine ottobre apertura il sabato e la domenica\u00a0\u00a0con visite alle 10:00 e alle 14:00. Per eventuali visite nei giorni festivi infrasettimanali \u00e8 meglio sempre consultare il sito internet che aggiorna sulle aperture straordinarie. Per i gruppi (&gt; 10 persone) e le scolaresche la Miniera \u00e8 visitabile in qualsiasi giorno della settimana. Informazioni importanti 1. La visita \u00e8 garantita su prenotazione. 2. La temperatura costante all\u2019interno della miniera e\u0300 di 11-12\u00b0C, vi raccomandiamo di portare con voi abiti caldi. Inoltre, a causa del pavimento umido, l\u2019accesso alla miniera e\u0300 consentito unicamente con calzature adeguate come stivali o scarponi.\u00a0 I bambini piccoli devono poter camminare autonomamente (e\u0300 vietato l\u2019uso del marsupio). Prezzi Prezzo intero Famiglia*GruppiTicino Ticket Adulti Giovani (6-15 anni) Bambini (3-5 anni) Soci miniera 20.\u2013 chf 13.\u2013 chf gratuito gratuito 16.\u2013 chf 10.\u2013 chf gratuito gratuito *\u00a0almeno 1 adulto e 1 bambino\/a Ordina un biglietto online<\/p>\n","protected":false},"author":5,"featured_media":0,"parent":0,"menu_order":0,"comment_status":"closed","ping_status":"closed","template":"","meta":{"footnotes":""},"class_list":["post-614","page","type-page","status-publish","hentry"],"_links":{"self":[{"href":"https:\/\/minieradoro.ch\/de\/wp-json\/wp\/v2\/pages\/614","targetHints":{"allow":["GET"]}}],"collection":[{"href":"https:\/\/minieradoro.ch\/de\/wp-json\/wp\/v2\/pages"}],"about":[{"href":"https:\/\/minieradoro.ch\/de\/wp-json\/wp\/v2\/types\/page"}],"author":[{"embeddable":true,"href":"https:\/\/minieradoro.ch\/de\/wp-json\/wp\/v2\/users\/5"}],"replies":[{"embeddable":true,"href":"https:\/\/minieradoro.ch\/de\/wp-json\/wp\/v2\/comments?post=614"}],"version-history":[{"count":72,"href":"https:\/\/minieradoro.ch\/de\/wp-json\/wp\/v2\/pages\/614\/revisions"}],"predecessor-version":[{"id":6603,"href":"https:\/\/minieradoro.ch\/de\/wp-json\/wp\/v2\/pages\/614\/revisions\/6603"}],"wp:attachment":[{"href":"https:\/\/minieradoro.ch\/de\/wp-json\/wp\/v2\/media?parent=614"}],"curies":[{"name":"wp","href":"https:\/\/api.w.org\/{rel}","templated":true}]}}