{"id":251,"date":"2024-08-02T16:53:22","date_gmt":"2024-08-02T16:53:22","guid":{"rendered":"https:\/\/minieradoro.ch\/?page_id=251"},"modified":"2025-01-10T13:46:14","modified_gmt":"2025-01-10T13:46:14","slug":"chi-siamo","status":"publish","type":"page","link":"https:\/\/minieradoro.ch\/fr\/chi-siamo\/","title":{"rendered":"Chi siamo"},"content":{"rendered":"\t\t<div data-elementor-type=\"wp-page\" data-elementor-id=\"251\" class=\"elementor elementor-251\">\n\t\t\t\t<div class=\"elementor-element elementor-element-749a4796 e-con-full e-flex wpr-particle-no wpr-jarallax-no wpr-parallax-no wpr-sticky-section-no wpr-column-slider-no wpr-equal-height-no e-con e-parent\" data-id=\"749a4796\" data-element_type=\"container\" data-e-type=\"container\" data-settings=\"{&quot;background_background&quot;:&quot;classic&quot;}\">\n\t\t<div class=\"elementor-element elementor-element-21020328 e-flex e-con-boxed wpr-particle-no wpr-jarallax-no wpr-parallax-no wpr-sticky-section-no wpr-column-slider-no wpr-equal-height-no e-con e-child\" data-id=\"21020328\" data-element_type=\"container\" data-e-type=\"container\">\n\t\t\t\t\t<div class=\"e-con-inner\">\n\t\t\t\t<div class=\"elementor-element elementor-element-3cfb610b elementor-widget elementor-widget-heading\" data-id=\"3cfb610b\" data-element_type=\"widget\" data-e-type=\"widget\" data-widget_type=\"heading.default\">\n\t\t\t\t<div class=\"elementor-widget-container\">\n\t\t\t\t\t<h1 class=\"elementor-heading-title elementor-size-default\">A propos de nous<\/h1>\t\t\t\t<\/div>\n\t\t\t\t<\/div>\n\t\t\t\t\t<\/div>\n\t\t\t\t<\/div>\n\t\t\t\t<\/div>\n\t\t<div class=\"elementor-element elementor-element-2cdd9477 e-con-full e-flex wpr-particle-no wpr-jarallax-no wpr-parallax-no wpr-sticky-section-no wpr-column-slider-no wpr-equal-height-no e-con e-parent\" data-id=\"2cdd9477\" data-element_type=\"container\" data-e-type=\"container\" data-settings=\"{&quot;background_background&quot;:&quot;classic&quot;}\">\n\t\t<div class=\"elementor-element elementor-element-590ab2e1 e-con-full e-flex wpr-particle-no wpr-jarallax-no wpr-parallax-no wpr-sticky-section-no wpr-column-slider-no wpr-equal-height-no e-con e-child\" data-id=\"590ab2e1\" data-element_type=\"container\" data-e-type=\"container\">\n\t\t\t\t<div class=\"elementor-element elementor-element-41316fa2 elementor-widget-tablet__width-initial elementor-widget elementor-widget-text-editor\" data-id=\"41316fa2\" data-element_type=\"widget\" data-e-type=\"widget\" data-widget_type=\"text-editor.default\">\n\t\t\t\t<div class=\"elementor-widget-container\">\n\t\t\t\t\t\t\t\t\t<h2>Mine d&rsquo;or La Costa<\/h2><p>Gr\u00e2ce \u00e0 l&rsquo;association Acqua Fregia, il a \u00e9t\u00e9 possible en 2016 d&rsquo;entamer les travaux de r\u00e9cup\u00e9ration de la mine d&rsquo;or de La Costa.<\/p><p>Les activit\u00e9s de l&rsquo;association ont \u00e9t\u00e9 soutenues par les communes de Sessa et de Monteggio ; des collaborations ont \u00e9galement eu lieu avec la Fondazione Malcantone et d&rsquo;autres associations actives dans la commune (Piccolo Museo di Sessa). Un grand nombre de b\u00e9n\u00e9voles ont travaill\u00e9 d&rsquo;arrache-pied pour s\u00e9curiser d&rsquo;abord la section initiale effondr\u00e9e, puis l&rsquo;\u00e9tat de la roche et l&rsquo;acc\u00e8s obstru\u00e9 aux puits inf\u00e9rieurs, sans oublier le raccordement \u00e0 la ligne \u00e9lectrique.<\/p><p>\u00a0<\/p><p>Le 5 mai 2017, l&rsquo;Association Minera d&rsquo;oro di Sessa a \u00e9t\u00e9 fond\u00e9e, car la sp\u00e9cificit\u00e9 et la complexit\u00e9 du d\u00e9fi exigeaient la cr\u00e9ation d&rsquo;une nouvelle entit\u00e9 officielle, capable de faire avancer le projet de mani\u00e8re professionnelle, afin de mener \u00e0 bien les activit\u00e9s n\u00e9cessaires \u00e0 l&rsquo;ouverture et \u00e0 la coordination de la gestion.<\/p><p>\u00a0<\/p><p>Depuis le 29 avril 2018, jour de l&rsquo;ouverture, la mine est ouverte au public et un important groupe de guides b\u00e9n\u00e9voles locaux, sp\u00e9cialement form\u00e9s par l&rsquo;association, est charg\u00e9 de g\u00e9rer les visites.<\/p><p>\u00a0<\/p><p>Au cours de ces ann\u00e9es, le comit\u00e9 de l&rsquo;association s&rsquo;est employ\u00e9 \u00e0 rendre les visites des diff\u00e9rents tunnels de plus en plus attrayantes et, au prix d&rsquo;\u00e9normes efforts, gr\u00e2ce au travail de plusieurs b\u00e9n\u00e9voles, a permis l&rsquo;ouverture de deux tunnels suppl\u00e9mentaires (Cunicolo Trudi et Cunicolo della Rala).<\/p>\t\t\t\t\t\t\t\t<\/div>\n\t\t\t\t<\/div>\n\t\t\t\t<\/div>\n\t\t<div class=\"elementor-element elementor-element-13fef07f e-con-full e-flex wpr-particle-no wpr-jarallax-no wpr-parallax-no wpr-sticky-section-no wpr-column-slider-no wpr-equal-height-no e-con e-child\" data-id=\"13fef07f\" data-element_type=\"container\" data-e-type=\"container\" data-settings=\"{&quot;background_background&quot;:&quot;classic&quot;}\">\n\t\t\t\t<div class=\"elementor-element elementor-element-64b9811 elementor-widget elementor-widget-image\" data-id=\"64b9811\" data-element_type=\"widget\" data-e-type=\"widget\" data-widget_type=\"image.default\">\n\t\t\t\t<div class=\"elementor-widget-container\">\n\t\t\t\t\t\t\t\t\t\t\t\t\t\t\t<img fetchpriority=\"high\" decoding=\"async\" width=\"800\" height=\"1008\" src=\"https:\/\/minieradoro.ch\/wp-content\/uploads\/2024\/08\/chi-siamo-813x1024.jpg\" class=\"attachment-large size-large wp-image-204\" alt=\"\" srcset=\"https:\/\/minieradoro.ch\/wp-content\/uploads\/2024\/08\/chi-siamo-813x1024.jpg 813w, https:\/\/minieradoro.ch\/wp-content\/uploads\/2024\/08\/chi-siamo-238x300.jpg 238w, https:\/\/minieradoro.ch\/wp-content\/uploads\/2024\/08\/chi-siamo-768x967.jpg 768w, https:\/\/minieradoro.ch\/wp-content\/uploads\/2024\/08\/chi-siamo.jpg 1200w\" sizes=\"(max-width: 800px) 100vw, 800px\" \/>\t\t\t\t\t\t\t\t\t\t\t\t\t\t\t<\/div>\n\t\t\t\t<\/div>\n\t\t\t\t<\/div>\n\t\t\t\t<\/div>\n\t\t<div class=\"elementor-element elementor-element-59bff017 e-con-full e-flex wpr-particle-no wpr-jarallax-no wpr-parallax-no wpr-sticky-section-no wpr-column-slider-no wpr-equal-height-no e-con e-parent\" data-id=\"59bff017\" data-element_type=\"container\" data-e-type=\"container\" data-settings=\"{&quot;background_background&quot;:&quot;classic&quot;}\">\n\t\t<div class=\"elementor-element elementor-element-4468a1e4 e-con-full e-flex wpr-particle-no wpr-jarallax-no wpr-parallax-no wpr-sticky-section-no wpr-column-slider-no wpr-equal-height-no e-con e-child\" data-id=\"4468a1e4\" data-element_type=\"container\" data-e-type=\"container\">\n\t\t\t\t<div class=\"elementor-element elementor-element-3edbd7aa elementor-widget-tablet__width-initial elementor-widget elementor-widget-text-editor\" data-id=\"3edbd7aa\" data-element_type=\"widget\" data-e-type=\"widget\" data-widget_type=\"text-editor.default\">\n\t\t\t\t<div class=\"elementor-widget-container\">\n\t\t\t\t\t\t\t\t\t<div id=\"\\&quot;bgLayers_comp-lbuumtrp1\\&quot;\" class=\"\\&quot;MW5IWV\\&quot;\" data-hook=\"\\&quot;bgLayers\\&quot;\" data-motion-part=\"\\&quot;BG_LAYER\\&quot;\"><h2 id=\"\\&quot;bgMedia_comp-lbuumtrp1\\&quot;\" class=\"\\&quot;VgO9Yg\\&quot;\" data-motion-part=\"\\&quot;BG_MEDIA\\&quot;\">Comit\u00e9 d&rsquo;association <br \/>Mine d&rsquo;or de Sessa<\/h2><\/div><div id=\"\\&quot;comp-je35w67x\\&quot;\" class=\"\\&quot;HcOXKn\" data-testid=\"\\&quot;richTextElement\\&quot;\"><p class=\"\\&quot;font_8\"><span class=\"\\&quot;wixui-rich-text__text\\&quot;\"><span class=\"\\&quot;color_11\"><strong>Pr\u00e9sident: <\/strong><br \/>Enzo Cabra<\/span><br class=\"\\&quot;wixui-rich-text__text\\&quot;\" \/><\/span><\/p><p class=\"\\&quot;font_8\"><span class=\"\\&quot;wixui-rich-text__text\\&quot;\"><span class=\"\\&quot;color_11\"><strong>Vice-pr\u00e9sident: <\/strong><br \/>Giuliano Zanetti<br class=\"\\&quot;wixui-rich-text__text\\&quot;\" \/><\/span><\/span><\/p><p class=\"\\&quot;font_8\"><span class=\"\\&quot;wixui-rich-text__text\\&quot;\"><span class=\"\\&quot;color_11\"><strong>Secr\u00e9taire: <\/strong><br \/><\/span><span class=\"wixui-rich-text__text\"><span class=\"color_11 wixui-rich-text__text\">Mattia Marchesi<\/span><\/span><br class=\"\\&quot;wixui-rich-text__text\\&quot;\" \/><\/span><\/p><p class=\"\\&quot;font_8\"><span class=\"\\&quot;wixui-rich-text__text\\&quot;\"><span class=\"\\&quot;color_11\"><strong>Caissier: <\/strong><br \/>Monica Talleri<\/span><\/span><\/p><p class=\"\\&quot;font_8\"><strong><span class=\"\\&quot;wixui-rich-text__text\\&quot;\"><span class=\"\\&quot;color_11\">Membres:<br \/><\/span><\/span><\/strong>Maurizio Bellini<br \/>Martino Molinari<br \/>Licia Poretti<br \/>Mauro Poretti<br \/>Daniel Ryser<\/p><\/div>\t\t\t\t\t\t\t\t<\/div>\n\t\t\t\t<\/div>\n\t\t\t\t<\/div>\n\t\t<div class=\"elementor-element elementor-element-4c01854f e-con-full e-flex wpr-particle-no wpr-jarallax-no wpr-parallax-no wpr-sticky-section-no wpr-column-slider-no wpr-equal-height-no e-con e-child\" data-id=\"4c01854f\" data-element_type=\"container\" data-e-type=\"container\" data-settings=\"{&quot;background_background&quot;:&quot;classic&quot;}\">\n\t\t\t\t<div class=\"elementor-element elementor-element-1e84c247 elementor-widget elementor-widget-image\" data-id=\"1e84c247\" data-element_type=\"widget\" data-e-type=\"widget\" data-widget_type=\"image.default\">\n\t\t\t\t<div class=\"elementor-widget-container\">\n\t\t\t\t\t\t\t\t\t\t\t\t\t\t\t<img decoding=\"async\" width=\"800\" height=\"386\" src=\"https:\/\/minieradoro.ch\/wp-content\/uploads\/2024\/08\/comitato2.webp\" class=\"attachment-large size-large wp-image-271\" alt=\"\" srcset=\"https:\/\/minieradoro.ch\/wp-content\/uploads\/2024\/08\/comitato2.webp 954w, https:\/\/minieradoro.ch\/wp-content\/uploads\/2024\/08\/comitato2-300x145.webp 300w, https:\/\/minieradoro.ch\/wp-content\/uploads\/2024\/08\/comitato2-768x370.webp 768w\" sizes=\"(max-width: 800px) 100vw, 800px\" \/>\t\t\t\t\t\t\t\t\t\t\t\t\t\t\t<\/div>\n\t\t\t\t<\/div>\n\t\t\t\t<div class=\"elementor-element elementor-element-59c6904c elementor-widget elementor-widget-image\" data-id=\"59c6904c\" data-element_type=\"widget\" data-e-type=\"widget\" data-widget_type=\"image.default\">\n\t\t\t\t<div class=\"elementor-widget-container\">\n\t\t\t\t\t\t\t\t\t\t\t\t\t\t\t<img decoding=\"async\" width=\"780\" height=\"460\" src=\"https:\/\/minieradoro.ch\/wp-content\/uploads\/2024\/08\/comitato1.webp\" class=\"attachment-large size-large wp-image-272\" alt=\"\" srcset=\"https:\/\/minieradoro.ch\/wp-content\/uploads\/2024\/08\/comitato1.webp 780w, https:\/\/minieradoro.ch\/wp-content\/uploads\/2024\/08\/comitato1-300x177.webp 300w, https:\/\/minieradoro.ch\/wp-content\/uploads\/2024\/08\/comitato1-768x453.webp 768w\" sizes=\"(max-width: 780px) 100vw, 780px\" \/>\t\t\t\t\t\t\t\t\t\t\t\t\t\t\t<\/div>\n\t\t\t\t<\/div>\n\t\t\t\t<\/div>\n\t\t\t\t<\/div>\n\t\t\t\t<\/div>\n\t\t","protected":false},"excerpt":{"rendered":"<p>Chi siamo Miniera d&rsquo;oro La Costa Nel 2016 l\u2019Associazione Acqua Fregia ha dato avvio ai \u00a0lavori per il recupero della Miniera d&rsquo;oro di La Costa con il sostegno dei Comuni di Sessa e Monteggio, la collaborazione della \u00a0Fondazione Malcantone e di altre associazioni attive nel Comune (Piccolo Museo di Sessa). Un grande numero di volontari si \u00e8 prodigato per mettere in sicurezza dapprima il tratto iniziale crollato e l\u2019ostruzione dell\u2019accesso ai pozzi inferiori, per non dimenticare l\u2019allacciamento alla linea elettrica. \u200bIl 5 maggio 2017 \u00e8 nata l&rsquo;Associazione Minera d&rsquo;oro di Sessa poich\u00e9 la specificit\u00e0 e la complessit\u00e0 della sfida richiedevano la costituzione di una nuova entit\u00e0 ufficiale, che potesse far progredire il progetto in modo professionale, cos\u00ec da completare le attivit\u00e0 necessarie all\u2019apertura e al coordinamento della gestione.\u00a0La miniera \u00e8 aperta al pubblico dal 29 aprile 2018 e un \u00a0gruppo consistente di guide locali volontarie, formato ad hoc dall\u2019associazione, si occupa della gestione delle visite. Nel corso di questi anni il comitato dell\u2019associazione si \u00e8 attivato per rendere sempre pi\u00f9 attrattiva la visita dei vari cunicoli e, con enormi sforzi, grazie al lavori di parecchi volontari, ha permesso l\u2019apertura di altri due cunicoli. Comitato dell&rsquo;Associazione Miniera d&rsquo;Oro Sessa Presidente: Enzo Cabra Vice Presidente: Giuliano Zanetti Segretario: Mattia Marchesi Cassiera: Monica Talleri Membri:Maurizio BelliniMartino MolinariLicia PorettiMauro PorettiDaniele Ryser Visualizza statuti dell&rsquo; associazione<\/p>\n","protected":false},"author":5,"featured_media":0,"parent":0,"menu_order":0,"comment_status":"closed","ping_status":"closed","template":"","meta":{"footnotes":""},"class_list":["post-251","page","type-page","status-publish","hentry"],"_links":{"self":[{"href":"https:\/\/minieradoro.ch\/fr\/wp-json\/wp\/v2\/pages\/251","targetHints":{"allow":["GET"]}}],"collection":[{"href":"https:\/\/minieradoro.ch\/fr\/wp-json\/wp\/v2\/pages"}],"about":[{"href":"https:\/\/minieradoro.ch\/fr\/wp-json\/wp\/v2\/types\/page"}],"author":[{"embeddable":true,"href":"https:\/\/minieradoro.ch\/fr\/wp-json\/wp\/v2\/users\/5"}],"replies":[{"embeddable":true,"href":"https:\/\/minieradoro.ch\/fr\/wp-json\/wp\/v2\/comments?post=251"}],"version-history":[{"count":9,"href":"https:\/\/minieradoro.ch\/fr\/wp-json\/wp\/v2\/pages\/251\/revisions"}],"predecessor-version":[{"id":5171,"href":"https:\/\/minieradoro.ch\/fr\/wp-json\/wp\/v2\/pages\/251\/revisions\/5171"}],"wp:attachment":[{"href":"https:\/\/minieradoro.ch\/fr\/wp-json\/wp\/v2\/media?parent=251"}],"curies":[{"name":"wp","href":"https:\/\/api.w.org\/{rel}","templated":true}]}}