{"id":286,"date":"2024-08-02T16:57:01","date_gmt":"2024-08-02T16:57:01","guid":{"rendered":"https:\/\/minieradoro.ch\/?page_id=286"},"modified":"2025-02-08T09:47:09","modified_gmt":"2025-02-08T09:47:09","slug":"storia","status":"publish","type":"page","link":"https:\/\/minieradoro.ch\/fr\/storia\/","title":{"rendered":"Storia"},"content":{"rendered":"\t\t<div data-elementor-type=\"wp-page\" data-elementor-id=\"286\" class=\"elementor elementor-286\">\n\t\t\t\t<div class=\"elementor-element elementor-element-b41b90 e-con-full e-flex wpr-particle-no wpr-jarallax-no wpr-parallax-no wpr-sticky-section-no wpr-equal-height-no e-con e-parent\" data-id=\"b41b90\" data-element_type=\"container\" data-e-type=\"container\" data-settings=\"{&quot;background_background&quot;:&quot;classic&quot;}\">\n\t\t<div class=\"elementor-element elementor-element-2e5493d2 e-flex e-con-boxed wpr-particle-no wpr-jarallax-no wpr-parallax-no wpr-sticky-section-no wpr-equal-height-no e-con e-child\" data-id=\"2e5493d2\" data-element_type=\"container\" data-e-type=\"container\">\n\t\t\t\t\t<div class=\"e-con-inner\">\n\t\t\t\t<div class=\"elementor-element elementor-element-5cde4211 elementor-widget elementor-widget-heading\" data-id=\"5cde4211\" data-element_type=\"widget\" data-e-type=\"widget\" data-widget_type=\"heading.default\">\n\t\t\t\t<div class=\"elementor-widget-container\">\n\t\t\t\t\t<h1 class=\"elementor-heading-title elementor-size-default\">Histoire de la mine<\/h1>\t\t\t\t<\/div>\n\t\t\t\t<\/div>\n\t\t\t\t\t<\/div>\n\t\t\t\t<\/div>\n\t\t\t\t<\/div>\n\t\t<div class=\"elementor-element elementor-element-70db5c3 e-flex e-con-boxed wpr-particle-no wpr-jarallax-no wpr-parallax-no wpr-sticky-section-no wpr-equal-height-no e-con e-parent\" data-id=\"70db5c3\" data-element_type=\"container\" data-e-type=\"container\">\n\t\t\t\t\t<div class=\"e-con-inner\">\n\t\t\t\t<div class=\"elementor-element elementor-element-4d42ee2d elementor-widget elementor-widget-text-editor\" data-id=\"4d42ee2d\" data-element_type=\"widget\" data-e-type=\"widget\" data-widget_type=\"text-editor.default\">\n\t\t\t\t<div class=\"elementor-widget-container\">\n\t\t\t\t\t\t\t\t\t<p>La r\u00e9gion du Monte Scer\u00e9 poss\u00e8de un sous-sol riche en min\u00e9raux. On suppose que divers m\u00e9taux y ont \u00e9t\u00e9 extraits au cours des si\u00e8cles pass\u00e9s, notamment le fer, le plomb, l&rsquo;argent et l&rsquo;or. Les premi\u00e8res tentatives document\u00e9es d&rsquo;exploitation de l&rsquo;or remontent \u00e0 1785.\u00a0 Proche de la rivi\u00e8re Lisora, on trouve des tas ordonn\u00e9s de galets lav\u00e9s attestant des vestiges de terrasses aurif\u00e8res datant de l&rsquo;\u00e9poque Romaine (\u00abaurifodine\u00bb).<\/p><p>Gr\u00e2ce \u00e0 la richesse de son sous-sol, le Malcantone a \u00e9t\u00e9 inscrit \u00e0 l&rsquo;inventaire national comme \u00ab\u00a0l&rsquo;un des plus grands districts miniers de Suisse\u00a0\u00bb.<\/p><p>L&rsquo;exploitation et la culture des min\u00e9raux ont connu deux phases importantes :<\/p><p>&#8211; au XIXe si\u00e8cle, sous la direction de l&rsquo;ing\u00e9nieur Vinasco Baglioni, en utilisant principalement des techniques manuelles laborieuses, les premi\u00e8res galeries ont \u00e9t\u00e9 creus\u00e9es dans la r\u00e9gion du mont Scer\u00e9 et la premi\u00e8re usine de traitement a \u00e9t\u00e9 \u00e9tablie dans la r\u00e9gion de Molinazzo di Monteggio, qui est encore connue sous le nom de \u00ab\u00a0Smelter\u00a0\u00bb (fonderie).<\/p><p>&#8211; Au XXe si\u00e8cle, la soci\u00e9t\u00e9 \u00ab\u00a0Mines de Costano SA\u00a0\u00bb (1933) a commenc\u00e9 le traitement industriel en \u00e9largissant les diff\u00e9rents tunnels existants et en construisant l&rsquo;usine de traitement des minerais dans la localit\u00e9 de Lolina.<\/p><p>Pendant la Seconde Guerre mondiale, les travaux ont \u00e9t\u00e9 suspendus car le concentr\u00e9 min\u00e9ral obtenu ne pouvait plus \u00eatre envoy\u00e9 en Belgique pour y subir un traitement final. Malgr\u00e9 la reprise de l&rsquo;exploitation \u00e0 la fin de la guerre, les travaux ont eu une dur\u00e9e limit\u00e9e et en 1952, l&rsquo;exploitation a \u00e9t\u00e9 suspendue.<\/p>\t\t\t\t\t\t\t\t<\/div>\n\t\t\t\t<\/div>\n\t\t\t\t\t<\/div>\n\t\t\t\t<\/div>\n\t\t<div class=\"elementor-element elementor-element-5de88677 e-flex e-con-boxed wpr-particle-no wpr-jarallax-no wpr-parallax-no wpr-sticky-section-no wpr-equal-height-no e-con e-parent\" data-id=\"5de88677\" data-element_type=\"container\" data-e-type=\"container\" data-settings=\"{&quot;background_background&quot;:&quot;classic&quot;}\">\n\t\t\t\t\t<div class=\"e-con-inner\">\n\t\t\t\t<div class=\"elementor-element elementor-element-141cb5fa elementor-widget elementor-widget-heading\" data-id=\"141cb5fa\" data-element_type=\"widget\" data-e-type=\"widget\" data-widget_type=\"heading.default\">\n\t\t\t\t<div class=\"elementor-widget-container\">\n\t\t\t\t\t<h2 class=\"elementor-heading-title elementor-size-default\">Images historiques<\/h2>\t\t\t\t<\/div>\n\t\t\t\t<\/div>\n\t\t\t\t\t<\/div>\n\t\t\t\t<\/div>\n\t\t<div class=\"elementor-element elementor-element-a45ec9a e-con-full e-flex wpr-particle-no wpr-jarallax-no wpr-parallax-no wpr-sticky-section-no wpr-equal-height-no e-con e-parent\" data-id=\"a45ec9a\" data-element_type=\"container\" data-e-type=\"container\" data-settings=\"{&quot;background_background&quot;:&quot;classic&quot;}\">\n\t\t<div class=\"elementor-element elementor-element-4353c004 e-con-full e-flex wpr-particle-no wpr-jarallax-no wpr-parallax-no wpr-sticky-section-no wpr-equal-height-no e-con e-child\" data-id=\"4353c004\" data-element_type=\"container\" data-e-type=\"container\">\n\t\t\t\t<div class=\"elementor-element elementor-element-7887ecda elementor-widget elementor-widget-image\" data-id=\"7887ecda\" data-element_type=\"widget\" data-e-type=\"widget\" data-widget_type=\"image.default\">\n\t\t\t\t<div class=\"elementor-widget-container\">\n\t\t\t\t\t\t\t\t\t\t\t\t\t\t\t<img fetchpriority=\"high\" decoding=\"async\" width=\"800\" height=\"600\" src=\"https:\/\/minieradoro.ch\/wp-content\/uploads\/2024\/08\/Riveruzzi-1024x768.jpg\" class=\"attachment-large size-large wp-image-301\" alt=\"\" srcset=\"https:\/\/minieradoro.ch\/wp-content\/uploads\/2024\/08\/Riveruzzi-1024x768.jpg 1024w, https:\/\/minieradoro.ch\/wp-content\/uploads\/2024\/08\/Riveruzzi-300x225.jpg 300w, https:\/\/minieradoro.ch\/wp-content\/uploads\/2024\/08\/Riveruzzi-768x576.jpg 768w, https:\/\/minieradoro.ch\/wp-content\/uploads\/2024\/08\/Riveruzzi.jpg 1200w\" sizes=\"(max-width: 800px) 100vw, 800px\" \/>\t\t\t\t\t\t\t\t\t\t\t\t\t\t\t<\/div>\n\t\t\t\t<\/div>\n\t\t\t\t<div class=\"elementor-element elementor-element-3552f15c elementor-widget elementor-widget-image\" data-id=\"3552f15c\" data-element_type=\"widget\" data-e-type=\"widget\" data-widget_type=\"image.default\">\n\t\t\t\t<div class=\"elementor-widget-container\">\n\t\t\t\t\t\t\t\t\t\t\t\t\t\t\t<img decoding=\"async\" width=\"800\" height=\"600\" src=\"https:\/\/minieradoro.ch\/wp-content\/uploads\/2024\/08\/miniera-1024x768.jpg\" class=\"attachment-large size-large wp-image-302\" alt=\"\" srcset=\"https:\/\/minieradoro.ch\/wp-content\/uploads\/2024\/08\/miniera-1024x768.jpg 1024w, https:\/\/minieradoro.ch\/wp-content\/uploads\/2024\/08\/miniera-300x225.jpg 300w, https:\/\/minieradoro.ch\/wp-content\/uploads\/2024\/08\/miniera-768x576.jpg 768w, https:\/\/minieradoro.ch\/wp-content\/uploads\/2024\/08\/miniera.jpg 1200w\" sizes=\"(max-width: 800px) 100vw, 800px\" \/>\t\t\t\t\t\t\t\t\t\t\t\t\t\t\t<\/div>\n\t\t\t\t<\/div>\n\t\t\t\t<div class=\"elementor-element elementor-element-76c7fdee elementor-widget elementor-widget-image\" data-id=\"76c7fdee\" data-element_type=\"widget\" data-e-type=\"widget\" data-widget_type=\"image.default\">\n\t\t\t\t<div class=\"elementor-widget-container\">\n\t\t\t\t\t\t\t\t\t\t\t\t\t\t\t<img decoding=\"async\" width=\"800\" height=\"600\" src=\"https:\/\/minieradoro.ch\/wp-content\/uploads\/2024\/08\/entrata-alle-Bolle-1024x768.jpg\" class=\"attachment-large size-large wp-image-303\" alt=\"\" srcset=\"https:\/\/minieradoro.ch\/wp-content\/uploads\/2024\/08\/entrata-alle-Bolle-1024x768.jpg 1024w, https:\/\/minieradoro.ch\/wp-content\/uploads\/2024\/08\/entrata-alle-Bolle-300x225.jpg 300w, https:\/\/minieradoro.ch\/wp-content\/uploads\/2024\/08\/entrata-alle-Bolle-768x576.jpg 768w, https:\/\/minieradoro.ch\/wp-content\/uploads\/2024\/08\/entrata-alle-Bolle.jpg 1200w\" sizes=\"(max-width: 800px) 100vw, 800px\" \/>\t\t\t\t\t\t\t\t\t\t\t\t\t\t\t<\/div>\n\t\t\t\t<\/div>\n\t\t\t\t<\/div>\n\t\t<div class=\"elementor-element elementor-element-7b6b3c4a e-con-full e-flex wpr-particle-no wpr-jarallax-no wpr-parallax-no wpr-sticky-section-no wpr-equal-height-no e-con e-child\" data-id=\"7b6b3c4a\" data-element_type=\"container\" data-e-type=\"container\" data-settings=\"{&quot;background_background&quot;:&quot;classic&quot;}\">\n\t\t\t\t<div class=\"elementor-element elementor-element-20d52cc2 elementor-widget elementor-widget-image\" data-id=\"20d52cc2\" data-element_type=\"widget\" data-e-type=\"widget\" data-widget_type=\"image.default\">\n\t\t\t\t<div class=\"elementor-widget-container\">\n\t\t\t\t\t\t\t\t\t\t\t\t\t\t\t<img loading=\"lazy\" decoding=\"async\" width=\"800\" height=\"600\" src=\"https:\/\/minieradoro.ch\/wp-content\/uploads\/2024\/08\/panoramica-moniera-1024x768.jpg\" class=\"attachment-large size-large wp-image-307\" alt=\"\" srcset=\"https:\/\/minieradoro.ch\/wp-content\/uploads\/2024\/08\/panoramica-moniera-1024x768.jpg 1024w, https:\/\/minieradoro.ch\/wp-content\/uploads\/2024\/08\/panoramica-moniera-300x225.jpg 300w, https:\/\/minieradoro.ch\/wp-content\/uploads\/2024\/08\/panoramica-moniera-768x576.jpg 768w, https:\/\/minieradoro.ch\/wp-content\/uploads\/2024\/08\/panoramica-moniera.jpg 1200w\" sizes=\"(max-width: 800px) 100vw, 800px\" \/>\t\t\t\t\t\t\t\t\t\t\t\t\t\t\t<\/div>\n\t\t\t\t<\/div>\n\t\t\t\t<div class=\"elementor-element elementor-element-4fc851f6 elementor-widget elementor-widget-image\" data-id=\"4fc851f6\" data-element_type=\"widget\" data-e-type=\"widget\" data-widget_type=\"image.default\">\n\t\t\t\t<div class=\"elementor-widget-container\">\n\t\t\t\t\t\t\t\t\t\t\t\t\t\t\t<img loading=\"lazy\" decoding=\"async\" width=\"800\" height=\"600\" src=\"https:\/\/minieradoro.ch\/wp-content\/uploads\/2024\/08\/minatori-1024x768.jpg\" class=\"attachment-large size-large wp-image-308\" alt=\"\" srcset=\"https:\/\/minieradoro.ch\/wp-content\/uploads\/2024\/08\/minatori-1024x768.jpg 1024w, https:\/\/minieradoro.ch\/wp-content\/uploads\/2024\/08\/minatori-300x225.jpg 300w, https:\/\/minieradoro.ch\/wp-content\/uploads\/2024\/08\/minatori-768x576.jpg 768w, https:\/\/minieradoro.ch\/wp-content\/uploads\/2024\/08\/minatori.jpg 1200w\" sizes=\"(max-width: 800px) 100vw, 800px\" \/>\t\t\t\t\t\t\t\t\t\t\t\t\t\t\t<\/div>\n\t\t\t\t<\/div>\n\t\t\t\t<div class=\"elementor-element elementor-element-3a010682 elementor-widget elementor-widget-image\" data-id=\"3a010682\" data-element_type=\"widget\" data-e-type=\"widget\" data-widget_type=\"image.default\">\n\t\t\t\t<div class=\"elementor-widget-container\">\n\t\t\t\t\t\t\t\t\t\t\t\t\t\t\t<img loading=\"lazy\" decoding=\"async\" width=\"800\" height=\"600\" src=\"https:\/\/minieradoro.ch\/wp-content\/uploads\/2024\/08\/compressore-e-minatori-enlarge-1024x768.jpg\" class=\"attachment-large size-large wp-image-309\" alt=\"\" srcset=\"https:\/\/minieradoro.ch\/wp-content\/uploads\/2024\/08\/compressore-e-minatori-enlarge-1024x768.jpg 1024w, https:\/\/minieradoro.ch\/wp-content\/uploads\/2024\/08\/compressore-e-minatori-enlarge-300x225.jpg 300w, https:\/\/minieradoro.ch\/wp-content\/uploads\/2024\/08\/compressore-e-minatori-enlarge-768x576.jpg 768w, https:\/\/minieradoro.ch\/wp-content\/uploads\/2024\/08\/compressore-e-minatori-enlarge.jpg 1200w\" sizes=\"(max-width: 800px) 100vw, 800px\" \/>\t\t\t\t\t\t\t\t\t\t\t\t\t\t\t<\/div>\n\t\t\t\t<\/div>\n\t\t\t\t<\/div>\n\t\t\t\t<\/div>\n\t\t\t\t<\/div>\n\t\t","protected":false},"excerpt":{"rendered":"<p>Storia della Miniera La zona del monte Scer\u00e9, come tutto il Malcantone, ha un sottosuolo ricco di minerali. Si suppone che gi\u00e0 nei secoli passati si estraessero vari metalli, in particolare oro, argento, ferro e piombo. I primi tentativi documentati di estrazione di oro risalgono al 1785, ma, agli argini del fiume Lisora, ci sono cumuli ordinati di ciottoli lavati che rappresentano i resti della coltivazione di terrazzi auriferi risalenti all\u2019epoca romana (aurifodine). Grazie alla ricchezza del suo sottosuolo, il Malcantone \u00e8 stato inserito nell\u2019inventario nazionale come il \u201cDistretto Minerario fra i pi\u00f9 grandi della Svizzera\u201d. Ci sono state due importanti fasi di sfruttamento e coltivazione dei minerali: nell&rsquo;800, sotto la direzione dell&rsquo;ingegner Vinasco Baglioni, principalmente con tecniche manuali molto faticose, furono scavati i primi cunicoli nella zona del monte Scer\u00e9 e fu insediato il primo impianto di lavorazione nella zona di Molinazzo di Monteggio che ancora oggi viene chiamata Fonderia. \u00a0nel &lsquo;900, con la societ\u00e0 \u00ab\u00a0Mines de Costano SA\u00a0\u00bb (1933) si diede avvio a una lavorazione industriale ampliando i vari cunicoli gi\u00e0 esistenti e costruendo gli impianti per il trattamento dei minerali nella localit\u00e0 Lolina. Durante la seconda guerra mondiale i lavori furono sospesi perch\u00e9 il concentrato minerale che si otteneva non poteva pi\u00f9 venir inviato in Belgio per il trattamento finale. Nonostante la ripresa delle coltivazioni alla fine della guerra, i lavori ebbero una durata limitata e nel 1952 le attivit\u00e0 furono sospese. \u200b Fino al 2015 la miniera della Costa di Sessa era abbandonata all\u2019incuria e all\u2019oblio. Nascosta nella boscaglia, l\u2019entrata era diventata inaccessibile, sebbene in un labirinto sotterraneo i minatori avessero scavato, nel corso di un secolo, di pi\u00f9 di due chilometri di gallerie disposte su cinque livelli. Immagini storiche<\/p>\n","protected":false},"author":5,"featured_media":0,"parent":0,"menu_order":0,"comment_status":"closed","ping_status":"closed","template":"","meta":{"footnotes":""},"class_list":["post-286","page","type-page","status-publish","hentry"],"_links":{"self":[{"href":"https:\/\/minieradoro.ch\/fr\/wp-json\/wp\/v2\/pages\/286","targetHints":{"allow":["GET"]}}],"collection":[{"href":"https:\/\/minieradoro.ch\/fr\/wp-json\/wp\/v2\/pages"}],"about":[{"href":"https:\/\/minieradoro.ch\/fr\/wp-json\/wp\/v2\/types\/page"}],"author":[{"embeddable":true,"href":"https:\/\/minieradoro.ch\/fr\/wp-json\/wp\/v2\/users\/5"}],"replies":[{"embeddable":true,"href":"https:\/\/minieradoro.ch\/fr\/wp-json\/wp\/v2\/comments?post=286"}],"version-history":[{"count":3,"href":"https:\/\/minieradoro.ch\/fr\/wp-json\/wp\/v2\/pages\/286\/revisions"}],"predecessor-version":[{"id":5898,"href":"https:\/\/minieradoro.ch\/fr\/wp-json\/wp\/v2\/pages\/286\/revisions\/5898"}],"wp:attachment":[{"href":"https:\/\/minieradoro.ch\/fr\/wp-json\/wp\/v2\/media?parent=286"}],"curies":[{"name":"wp","href":"https:\/\/api.w.org\/{rel}","templated":true}]}}