{"id":614,"date":"2024-08-02T17:11:07","date_gmt":"2024-08-02T17:11:07","guid":{"rendered":"https:\/\/minieradoro.ch\/?page_id=614"},"modified":"2026-02-02T10:07:43","modified_gmt":"2026-02-02T10:07:43","slug":"orari","status":"publish","type":"page","link":"https:\/\/minieradoro.ch\/fr\/orari\/","title":{"rendered":"Orari"},"content":{"rendered":"\t\t<div data-elementor-type=\"wp-page\" data-elementor-id=\"614\" class=\"elementor elementor-614\">\n\t\t\t\t<div class=\"elementor-element elementor-element-433caccd e-con-full e-flex wpr-particle-no wpr-jarallax-no wpr-parallax-no wpr-sticky-section-no wpr-column-slider-no wpr-equal-height-no e-con e-parent\" data-id=\"433caccd\" data-element_type=\"container\" data-e-type=\"container\" data-settings=\"{&quot;background_background&quot;:&quot;classic&quot;}\">\n\t\t<div class=\"elementor-element elementor-element-27542fd0 e-flex e-con-boxed wpr-particle-no wpr-jarallax-no wpr-parallax-no wpr-sticky-section-no wpr-column-slider-no wpr-equal-height-no e-con e-child\" data-id=\"27542fd0\" data-element_type=\"container\" data-e-type=\"container\">\n\t\t\t\t\t<div class=\"e-con-inner\">\n\t\t\t\t<div class=\"elementor-element elementor-element-112c21e1 elementor-widget elementor-widget-heading\" data-id=\"112c21e1\" data-element_type=\"widget\" data-e-type=\"widget\" data-widget_type=\"heading.default\">\n\t\t\t\t<div class=\"elementor-widget-container\">\n\t\t\t\t\t<h1 class=\"elementor-heading-title elementor-size-default\">Prix et heures d'ouverture<\/h1>\t\t\t\t<\/div>\n\t\t\t\t<\/div>\n\t\t\t\t\t<\/div>\n\t\t\t\t<\/div>\n\t\t\t\t<\/div>\n\t\t<div class=\"elementor-element elementor-element-54bced3e e-con-full e-flex wpr-particle-no wpr-jarallax-no wpr-parallax-no wpr-sticky-section-no wpr-column-slider-no wpr-equal-height-no e-con e-parent\" data-id=\"54bced3e\" data-element_type=\"container\" data-e-type=\"container\" data-settings=\"{&quot;background_background&quot;:&quot;classic&quot;}\">\n\t\t<div class=\"elementor-element elementor-element-7fcb7859 e-con-full e-flex wpr-particle-no wpr-jarallax-no wpr-parallax-no wpr-sticky-section-no wpr-column-slider-no wpr-equal-height-no e-con e-child\" data-id=\"7fcb7859\" data-element_type=\"container\" data-e-type=\"container\">\n\t\t\t\t<div class=\"elementor-element elementor-element-7f27ca1 elementor-widget-tablet__width-initial elementor-widget elementor-widget-text-editor\" data-id=\"7f27ca1\" data-element_type=\"widget\" data-e-type=\"widget\" data-widget_type=\"text-editor.default\">\n\t\t\t\t<div class=\"elementor-widget-container\">\n\t\t\t\t\t\t\t\t\t<h2>Heures d&rsquo;ouverture<\/h2><h3>\u00a0<\/h3><h3>Saison printani\u00e8re:<\/h3><p>De mi-mars \u00e0 fin juin, la mine peut \u00eatre visit\u00e9e les samedis et dimanches avec des visites \u00e0 10h00 et 14h00.<\/p><h3>Saison estivale:<\/h3><p>En juillet et ao\u00fbt, \u00e0 partir de cette ann\u00e9e, la mine sera ouverte 5 jours par semaine : du mercredi au dimanche avec trois visites par jour (10h &#8211; 13h &#8211; 14h30).<\/p><h3>Saison d&rsquo;automne :<\/h3><p>De septembre \u00e0 fin octobre, il ouvre les samedis et dimanches avec visites \u00e0 10h00 et 14h00.<\/p><p><strong>Pour toute visite pendant les vacances en milieu de semaine, il est toujours pr\u00e9f\u00e9rable de consulter le site Web qui met \u00e0 jour les ouvertures extraordinaires.\u00a0Pour les groupes et groupes scolaires, la mine peut \u00eatre visit\u00e9e n&rsquo;importe quel jour de la semaine.<\/strong><\/p><div class=\"page\" title=\"Page 1\"><div class=\"section\"><div class=\"layoutArea\"><div class=\"column\"><h2>Informations importantes<\/h2><ul><li>Visite garantie sur r\u00e9servation.<\/li><li>Nous vous recommandons d\u2019apporter des ve\u0302tements chauds. En outre, le terrain est boueux et l\u2019acce\u0300s est uniquement autorise\u0301 avec des chaussures approprie\u0301es tel que des bottes en caoutchouc ou des chaussures de montagne.<\/li><li><div class=\"page\" title=\"Page 1\"><div class=\"section\"><div class=\"layoutArea\"><div class=\"column\"><p>Les jeunes enfants doivent pouvoir marcher seuls (l\u2019utilisation d\u2019un porte-be\u0301be\u0301 est interdite).<\/p><\/div><\/div><\/div><\/div><\/li><\/ul><\/div><\/div><\/div><\/div>\t\t\t\t\t\t\t\t<\/div>\n\t\t\t\t<\/div>\n\t\t\t\t<div class=\"elementor-element elementor-element-e27d494 elementor-widget-tablet__width-initial elementor-widget elementor-widget-text-editor\" data-id=\"e27d494\" data-element_type=\"widget\" data-e-type=\"widget\" data-widget_type=\"text-editor.default\">\n\t\t\t\t<div class=\"elementor-widget-container\">\n\t\t\t\t\t\t\t\t\t<h2>Informations importantes<\/h2><div><strong>LA TEMP\u00c9RATURE \u00c0 L&rsquo;INT\u00c9RIEUR DES GALERIES\u00a0EST CONSTAMMENT DE 11-12 \u00b0 C AVEC 100% HUMIDIT\u00c9.\u00a0<\/strong><br \/><strong>Vous aurez donc besoin de\u00a0v\u00eatements chauds, m\u00eame en \u00e9t\u00e9, ainsi que des chaussures de trekking sont fortement recommand\u00e9es.<\/strong><\/div>\t\t\t\t\t\t\t\t<\/div>\n\t\t\t\t<\/div>\n\t\t\t\t<\/div>\n\t\t<div class=\"elementor-element elementor-element-35ba587c e-con-full e-flex wpr-particle-no wpr-jarallax-no wpr-parallax-no wpr-sticky-section-no wpr-column-slider-no wpr-equal-height-no e-con e-child\" data-id=\"35ba587c\" data-element_type=\"container\" data-e-type=\"container\" data-settings=\"{&quot;background_background&quot;:&quot;classic&quot;}\">\n\t\t<div class=\"elementor-element elementor-element-4ac7f4bc e-con-full e-flex wpr-particle-no wpr-jarallax-no wpr-parallax-no wpr-sticky-section-no wpr-column-slider-no wpr-equal-height-no e-con e-child\" data-id=\"4ac7f4bc\" data-element_type=\"container\" data-e-type=\"container\">\n\t\t\t\t<div class=\"elementor-element elementor-element-e130d42 elementor-widget elementor-widget-text-editor\" data-id=\"e130d42\" data-element_type=\"widget\" data-e-type=\"widget\" data-widget_type=\"text-editor.default\">\n\t\t\t\t<div class=\"elementor-widget-container\">\n\t\t\t\t\t\t\t\t\t<h2>Prix<\/h2>\t\t\t\t\t\t\t\t<\/div>\n\t\t\t\t<\/div>\n\t\t\t\t<\/div>\n\t\t<div class=\"elementor-element elementor-element-3f4ac302 e-grid e-con-full wpr-particle-no wpr-jarallax-no wpr-parallax-no wpr-sticky-section-no wpr-column-slider-no wpr-equal-height-no e-con e-child\" data-id=\"3f4ac302\" data-element_type=\"container\" data-e-type=\"container\">\n\t\t<div class=\"elementor-element elementor-element-e99156d e-con-full e-flex wpr-particle-no wpr-jarallax-no wpr-parallax-no wpr-sticky-section-no wpr-column-slider-no wpr-equal-height-no e-con e-child\" data-id=\"e99156d\" data-element_type=\"container\" data-e-type=\"container\">\n\t\t\t\t<\/div>\n\t\t\t\t<div class=\"elementor-element elementor-element-4ce91895 elementor-widget elementor-widget-text-editor\" data-id=\"4ce91895\" data-element_type=\"widget\" data-e-type=\"widget\" data-widget_type=\"text-editor.default\">\n\t\t\t\t<div class=\"elementor-widget-container\">\n\t\t\t\t\t\t\t\t\t<h3>Prix complet<\/h3>\t\t\t\t\t\t\t\t<\/div>\n\t\t\t\t<\/div>\n\t\t\t\t<div class=\"elementor-element elementor-element-2bd79a1e elementor-widget elementor-widget-text-editor\" data-id=\"2bd79a1e\" data-element_type=\"widget\" data-e-type=\"widget\" data-widget_type=\"text-editor.default\">\n\t\t\t\t<div class=\"elementor-widget-container\">\n\t\t\t\t\t\t\t\t\t<h3>Famille*<br \/>Groupes<br \/>Ticino Ticket<\/h3>\t\t\t\t\t\t\t\t<\/div>\n\t\t\t\t<\/div>\n\t\t\t\t<div class=\"elementor-element elementor-element-5c29b677 elementor-widget elementor-widget-text-editor\" data-id=\"5c29b677\" data-element_type=\"widget\" data-e-type=\"widget\" data-widget_type=\"text-editor.default\">\n\t\t\t\t<div class=\"elementor-widget-container\">\n\t\t\t\t\t\t\t\t\t<p><strong>Adultes<\/strong><\/p><p><strong>Jeune<\/strong> (6-15 ans)<\/p><p><strong>Enfants<\/strong> (3-5 ans)<\/p><p>Membres de la mine<\/p>\t\t\t\t\t\t\t\t<\/div>\n\t\t\t\t<\/div>\n\t\t\t\t<div class=\"elementor-element elementor-element-634589ef elementor-widget elementor-widget-text-editor\" data-id=\"634589ef\" data-element_type=\"widget\" data-e-type=\"widget\" data-widget_type=\"text-editor.default\">\n\t\t\t\t<div class=\"elementor-widget-container\">\n\t\t\t\t\t\t\t\t\t<p>20.\u2013 chf<\/p><p>13.\u2013 chf<\/p><p>gratuit<\/p><p>gratuit<\/p>\t\t\t\t\t\t\t\t<\/div>\n\t\t\t\t<\/div>\n\t\t\t\t<div class=\"elementor-element elementor-element-11f1968e elementor-widget elementor-widget-text-editor\" data-id=\"11f1968e\" data-element_type=\"widget\" data-e-type=\"widget\" data-widget_type=\"text-editor.default\">\n\t\t\t\t<div class=\"elementor-widget-container\">\n\t\t\t\t\t\t\t\t\t<p>16.\u2013 chf<\/p><p>10.\u2013 chf<\/p><p>gratuit<\/p><p>gratuit<\/p>\t\t\t\t\t\t\t\t<\/div>\n\t\t\t\t<\/div>\n\t\t\t\t<\/div>\n\t\t<div class=\"elementor-element elementor-element-6d5dc0f1 e-flex e-con-boxed wpr-particle-no wpr-jarallax-no wpr-parallax-no wpr-sticky-section-no wpr-column-slider-no wpr-equal-height-no e-con e-child\" data-id=\"6d5dc0f1\" data-element_type=\"container\" data-e-type=\"container\">\n\t\t\t\t\t<div class=\"e-con-inner\">\n\t\t\t\t<div class=\"elementor-element elementor-element-2d25eeaf elementor-widget elementor-widget-text-editor\" data-id=\"2d25eeaf\" data-element_type=\"widget\" data-e-type=\"widget\" data-widget_type=\"text-editor.default\">\n\t\t\t\t<div class=\"elementor-widget-container\">\n\t\t\t\t\t\t\t\t\t<h6><span class=\"\\&quot;wixui-rich-text__text\\&quot;\">*\u00a0<\/span><span class=\"\\&quot;wixui-rich-text__text\\&quot;\">au moins 1 adulte et 1 enfant<\/span><\/h6>\t\t\t\t\t\t\t\t<\/div>\n\t\t\t\t<\/div>\n\t\t<div class=\"elementor-element elementor-element-526f188 e-con-full e-flex wpr-particle-no wpr-jarallax-no wpr-parallax-no wpr-sticky-section-no wpr-column-slider-no wpr-equal-height-no e-con e-child\" data-id=\"526f188\" data-element_type=\"container\" data-e-type=\"container\">\n\t\t\t\t<div class=\"elementor-element elementor-element-e592c43 elementor-mobile-align-center elementor-tablet-align-center elementor-widget elementor-widget-button\" data-id=\"e592c43\" data-element_type=\"widget\" data-e-type=\"widget\" data-widget_type=\"button.default\">\n\t\t\t\t<div class=\"elementor-widget-container\">\n\t\t\t\t\t\t\t\t\t<div class=\"elementor-button-wrapper\">\n\t\t\t\t\t<a class=\"elementor-button elementor-button-link elementor-size-sm\" href=\"https:\/\/miniera-sessa.up-design.ch\/fr\/ticket\/\">\n\t\t\t\t\t\t<span class=\"elementor-button-content-wrapper\">\n\t\t\t\t\t\t\t\t\t<span class=\"elementor-button-text\">Acheter un billet en ligne<\/span>\n\t\t\t\t\t<\/span>\n\t\t\t\t\t<\/a>\n\t\t\t\t<\/div>\n\t\t\t\t\t\t\t\t<\/div>\n\t\t\t\t<\/div>\n\t\t\t\t<\/div>\n\t\t\t\t\t<\/div>\n\t\t\t\t<\/div>\n\t\t\t\t<\/div>\n\t\t\t\t<\/div>\n\t\t\t\t<\/div>\n\t\t","protected":false},"excerpt":{"rendered":"<p>Prezzi e Orari d&rsquo;apertura Orari d&rsquo;apertura \u00a0 Stagione primaverile Da met\u00e0 marzo fino alla fine di giugno\u00a0\u00a0la miniera \u00e8 visitabile il sabato e la domenica con visite alle 10:00 e alle 14:00. Stagione estiva Nei mesi di luglio e agosto \u00a0la Miniera \u00e8 aperta 5 giorni alla settimana: dal mercoled\u00ec alla domenica con tre visite al giorno (10:00 &#8211; 13:00 &#8211; 14:30). Stagione autunnale Da settembre a fine ottobre apertura il sabato e la domenica\u00a0\u00a0con visite alle 10:00 e alle 14:00. Per eventuali visite nei giorni festivi infrasettimanali \u00e8 meglio sempre consultare il sito internet che aggiorna sulle aperture straordinarie. Per i gruppi (&gt; 10 persone) e le scolaresche la Miniera \u00e8 visitabile in qualsiasi giorno della settimana. Informazioni importanti 1. La visita \u00e8 garantita su prenotazione. 2. La temperatura costante all\u2019interno della miniera e\u0300 di 11-12\u00b0C, vi raccomandiamo di portare con voi abiti caldi. Inoltre, a causa del pavimento umido, l\u2019accesso alla miniera e\u0300 consentito unicamente con calzature adeguate come stivali o scarponi.\u00a0 I bambini piccoli devono poter camminare autonomamente (e\u0300 vietato l\u2019uso del marsupio). Prezzi Prezzo intero Famiglia*GruppiTicino Ticket Adulti Giovani (6-15 anni) Bambini (3-5 anni) Soci miniera 20.\u2013 chf 13.\u2013 chf gratuito gratuito 16.\u2013 chf 10.\u2013 chf gratuito gratuito *\u00a0almeno 1 adulto e 1 bambino\/a Ordina un biglietto online<\/p>\n","protected":false},"author":5,"featured_media":0,"parent":0,"menu_order":0,"comment_status":"closed","ping_status":"closed","template":"","meta":{"footnotes":""},"class_list":["post-614","page","type-page","status-publish","hentry"],"_links":{"self":[{"href":"https:\/\/minieradoro.ch\/fr\/wp-json\/wp\/v2\/pages\/614","targetHints":{"allow":["GET"]}}],"collection":[{"href":"https:\/\/minieradoro.ch\/fr\/wp-json\/wp\/v2\/pages"}],"about":[{"href":"https:\/\/minieradoro.ch\/fr\/wp-json\/wp\/v2\/types\/page"}],"author":[{"embeddable":true,"href":"https:\/\/minieradoro.ch\/fr\/wp-json\/wp\/v2\/users\/5"}],"replies":[{"embeddable":true,"href":"https:\/\/minieradoro.ch\/fr\/wp-json\/wp\/v2\/comments?post=614"}],"version-history":[{"count":72,"href":"https:\/\/minieradoro.ch\/fr\/wp-json\/wp\/v2\/pages\/614\/revisions"}],"predecessor-version":[{"id":6603,"href":"https:\/\/minieradoro.ch\/fr\/wp-json\/wp\/v2\/pages\/614\/revisions\/6603"}],"wp:attachment":[{"href":"https:\/\/minieradoro.ch\/fr\/wp-json\/wp\/v2\/media?parent=614"}],"curies":[{"name":"wp","href":"https:\/\/api.w.org\/{rel}","templated":true}]}}